{"id":7786,"date":"2024-02-13T17:27:54","date_gmt":"2024-02-13T15:27:54","guid":{"rendered":"https:\/\/bonafidesinvest.eu\/?page_id=7786"},"modified":"2024-03-16T03:16:28","modified_gmt":"2024-03-16T01:16:28","slug":"meddelelser","status":"publish","type":"page","link":"https:\/\/bonafidesinvest.eu\/da\/messages\/","title":{"rendered":"Beskeder"},"content":{"rendered":"<div data-elementor-type=\"wp-page\" data-elementor-id=\"7786\" class=\"elementor elementor-7786\">\n\t\t\t\t\t\t<section class=\"elementor-section elementor-top-section elementor-element elementor-element-44765eb elementor-section-boxed elementor-section-height-default elementor-section-height-default\" data-id=\"44765eb\" data-element_type=\"section\" data-e-type=\"section\">\n\t\t\t\t\t\t<div class=\"elementor-container elementor-column-gap-default\">\n\t\t\t\t\t<div class=\"elementor-column elementor-col-100 elementor-top-column elementor-element elementor-element-fa4bf63\" data-id=\"fa4bf63\" data-element_type=\"column\" data-e-type=\"column\">\n\t\t\t<div class=\"elementor-widget-wrap elementor-element-populated\">\n\t\t\t\t\t\t<div class=\"elementor-element elementor-element-6a1881a elementor-widget elementor-widget-text-editor\" data-id=\"6a1881a\" data-element_type=\"widget\" data-e-type=\"widget\" data-widget_type=\"text-editor.default\">\n\t\t\t\t<div class=\"elementor-widget-container\">\n\t\t\t\t\t\t\t\t\t<p><span style=\"color: #000000;\">Hej fra Bona Fides Invest!<\/span><\/p><p><span style=\"color: #000000;\">Tak for din bestilling!<\/span><\/p><p><span style=\"color: #000000;\">Din ordre er sat p\u00e5 hold, indtil vi har bekr\u00e6ftet, at betalingen er modtaget. Dine ordreoplysninger er vist nedenfor til din reference:<\/span><\/p><h2>Bestillingsoplysninger<\/h2><table border=\"0\" width=\"100%\" cellspacing=\"0\" cellpadding=\"0\"><tbody><tr><td align=\"left\" valign=\"middle\"><h3><em><span style=\"color: #000000;\">Bestillingsnummer:<\/span><\/em><\/h3><\/td><td align=\"right\" valign=\"middle\"><h3><span style=\"color: #000000;\"><em>Bestillingsdato:<\/em>\u00a0<\/span><\/h3><\/td><\/tr><\/tbody><\/table><div><div class=\"adm\"><div id=\"q_97\" class=\"ajR h4\" data-tooltip=\"Sakrivanje pro\u0161irenog sadr\u017eaja\" aria-label=\"Sakrivanje pro\u0161irenog sadr\u017eaja\" aria-expanded=\"true\"><div class=\"ajT\">\u00a0<\/div><\/div><\/div><div class=\"im\"><table border=\"0\" width=\"100%\" cellspacing=\"0\" cellpadding=\"6\"><thead><tr><th scope=\"col\" align=\"left\"><span style=\"color: #000000;\">Produkt<\/span><\/th><th scope=\"col\" align=\"center\"><span style=\"color: #000000;\">Antal<\/span><\/th><th scope=\"col\" align=\"right\"><span style=\"color: #000000;\">Pris<\/span><\/th><\/tr><\/thead><\/table><p><span style=\"color: #000000;\">Tak for st\u00f8tten!<\/span><\/p><p><span style=\"color: #000000;\">Din betaling er blevet registreret<\/span><\/p><p style=\"text-align: justify;\"><span style=\"color: #000000;\">Vi vil gerne informere dig om, at betalingen officielt er blevet noteret p\u00e5 kampagnesiden.\u00a0<\/span><\/p><p style=\"text-align: justify;\"><span style=\"color: #000000;\"><strong>Digitalt takkebrev<\/strong><\/span><br \/><span style=\"color: #000000;\">Du kan downloade dit digitale takkekort\u00a0<a style=\"color: #000000;\" href=\"https:\/\/bonafidesinvest.eu\/da\/digital-thank-you-cards\/?customize_changeset_uuid=c75dad4d-2a69-4b01-9395-da689ff3dd0d&amp;customize_autosaved=on&amp;customize_messenger_channel=preview-2\">her<\/a>. N\u00e5r du har downloadet takkekortet og skrevet navnet i det, kan du dele det p\u00e5 de sociale medier med dine venner for at opfordre dem til at st\u00f8tte kampagnen.<\/span><\/p><p style=\"text-align: justify;\"><span style=\"color: #000000;\">BEM\u00c6RK:<\/span><br \/><span style=\"color: #000000;\">Med henblik p\u00e5 regnskab for forretningsenheder er det tilstr\u00e6kkeligt med et kontoudtog for betaling og en kopi af denne e-mail som bekr\u00e6ftelse p\u00e5 modtagelse af donationen. Donorer kan desuden downloade formularen Donationsbekr\u00e6ftelse for forretningsenheder\u00a0<a style=\"color: #000000;\" href=\"https:\/\/bonafidesinvest.eu\/da\/donation-confirmation-form-for-business-entities\/?customize_changeset_uuid=c75dad4d-2a69-4b01-9395-da689ff3dd0d&amp;customize_autosaved=on&amp;customize_messenger_channel=preview-2\">her<\/a>\u00a0og udfyld den personligt.<\/span><\/p><p style=\"text-align: justify;\"><span style=\"color: #000000;\">B\u00e5de borgere og virksomheder kan f\u00e5 skattefradrag. Til dette form\u00e5l er det n\u00f8dvendigt at bruge et kontoudtog for betaling og en kopi af denne e-mail som bekr\u00e6ftelse p\u00e5 modtagelse af donationen. Donorer kan desuden downloade formularen Donation Confirmation Form for Natural Persons.\u00a0<a style=\"color: #000000;\" href=\"https:\/\/bonafidesinvest.eu\/da\/donation-confirmation-form-for-natural-persons\/?customize_changeset_uuid=c75dad4d-2a69-4b01-9395-da689ff3dd0d&amp;customize_autosaved=on&amp;customize_messenger_channel=preview-2\">her<\/a>\u00a0og udfyld den personligt.<\/span><\/p><p><span style=\"color: #000000;\">Faktureringsadresse<\/span><\/p><p><span style=\"color: #000000;\">Vi ser frem til at ekspedere din ordre snart.<\/span><\/p><p><span style=\"color: #000000;\">Bel\u00f8bet i kroatiske Kuna (kn) fremkommer ved at omregne prisen i henhold til CNB's faste valutakurs:<br \/>1 EUR = 7,53450 HRK<\/span><\/p><p><span style=\"color: #000000;\">Din ordre er blevet modtaget og er nu ved at blive behandlet. Dine bestillingsoplysninger er vist nedenfor til din reference:<\/span><\/p><p><span style=\"color: #000000;\">Tak skal du have!<\/span><\/p><h2><span style=\"color: #000000;\">Udvalgt bel\u00f8nning<\/span><\/h2><ul><li><span style=\"color: #000000;\">Bel\u00f8b:\u00a0<u><\/u><\/span><\/li><li><span style=\"color: #000000;\">Levering: ,<\/span><\/li><li><span style=\"color: #000000;\">Detaljer om bel\u00f8nning:\u00a0<\/span><\/li><\/ul><div><h3><span style=\"color: #000000;\">Yderligere information<\/span><\/h3><p><span style=\"color: #000000;\">V\u00e6lg, om du ikke vil have en bel\u00f8nning med din donation: Ja<\/span><\/p><\/div><\/div><\/div>\t\t\t\t\t\t\t\t<\/div>\n\t\t\t\t<\/div>\n\t\t\t\t\t<\/div>\n\t\t<\/div>\n\t\t\t\t\t<\/div>\n\t\t<\/section>\n\t\t\t\t<\/div>","protected":false},"excerpt":{"rendered":"<p>Hello from Bona Fides Invest! Thanks for your order! Your order is on-hold until we confirm payment has been received. Your order details are shown below for your reference: Order [&hellip;]<\/p>\n","protected":false},"author":1,"featured_media":0,"parent":0,"menu_order":0,"comment_status":"closed","ping_status":"closed","template":"","meta":{"footnotes":""},"class_list":["post-7786","page","type-page","status-publish","hentry"],"wpcf_dashboard":"<div class=\"woocommerce\"><div class=\"woocommerce-info\">Please log in first? <a class=\"wpneoShowLogin\" href=\"#\">Click here to login<\/a><\/div><div class=\"wpneo_login_form_div\" style=\"display: none;\"><form name=\"loginform\" id=\"loginform\" action=\"https:\/\/bonafidesinvest.eu\/wp-login.php\" method=\"post\"><p class=\"login-username\">\n\t\t\t\t<label for=\"user_login\">Brugernavn eller e-mailadresse<\/label>\n\t\t\t\t<input type=\"text\" name=\"log\" id=\"user_login\" autocomplete=\"username\" class=\"input\" value=\"\" size=\"20\" \/>\n\t\t\t<\/p><p class=\"login-password\">\n\t\t\t\t<label for=\"user_pass\">Adgangskode<\/label>\n\t\t\t\t<input type=\"password\" name=\"pwd\" id=\"user_pass\" autocomplete=\"current-password\" spellcheck=\"false\" class=\"input\" value=\"\" size=\"20\" \/>\n\t\t\t<\/p><p class=\"login-remember\"><label><input name=\"rememberme\" type=\"checkbox\" id=\"rememberme\" value=\"forever\" \/> Husk mig<\/label><\/p><p class=\"login-submit\">\n\t\t\t\t<input type=\"submit\" name=\"wp-submit\" id=\"wp-submit\" class=\"button button-primary\" value=\"Log ind\" \/>\n\t\t\t\t<input type=\"hidden\" name=\"redirect_to\" value=\"https:\/\/bonafidesinvest.eu\/da\/wp-json\/wp\/v2\/pages\/7786\" \/>\n\t\t\t<\/p><\/form><\/div><\/div>","_links":{"self":[{"href":"https:\/\/bonafidesinvest.eu\/da\/wp-json\/wp\/v2\/pages\/7786","targetHints":{"allow":["GET"]}}],"collection":[{"href":"https:\/\/bonafidesinvest.eu\/da\/wp-json\/wp\/v2\/pages"}],"about":[{"href":"https:\/\/bonafidesinvest.eu\/da\/wp-json\/wp\/v2\/types\/page"}],"author":[{"embeddable":true,"href":"https:\/\/bonafidesinvest.eu\/da\/wp-json\/wp\/v2\/users\/1"}],"replies":[{"embeddable":true,"href":"https:\/\/bonafidesinvest.eu\/da\/wp-json\/wp\/v2\/comments?post=7786"}],"version-history":[{"count":0,"href":"https:\/\/bonafidesinvest.eu\/da\/wp-json\/wp\/v2\/pages\/7786\/revisions"}],"wp:attachment":[{"href":"https:\/\/bonafidesinvest.eu\/da\/wp-json\/wp\/v2\/media?parent=7786"}],"curies":[{"name":"wp","href":"https:\/\/api.w.org\/{rel}","templated":true}]}}