{"id":4942,"date":"2023-07-28T23:52:55","date_gmt":"2023-07-28T21:52:55","guid":{"rendered":"https:\/\/bonafidesinvest.eu\/?page_id=4942"},"modified":"2023-07-29T23:33:06","modified_gmt":"2023-07-29T21:33:06","slug":"faq","status":"publish","type":"page","link":"https:\/\/bonafidesinvest.eu\/da\/faq\/","title":{"rendered":"Ofte stillede sp\u00f8rgsm\u00e5l"},"content":{"rendered":"<div data-elementor-type=\"wp-page\" data-elementor-id=\"4942\" class=\"elementor elementor-4942\">\n\t\t\t\t\t\t<section class=\"elementor-section elementor-top-section elementor-element elementor-element-231b4f0 elementor-section-boxed elementor-section-height-default elementor-section-height-default\" data-id=\"231b4f0\" data-element_type=\"section\" data-e-type=\"section\" data-settings=\"{&quot;background_background&quot;:&quot;classic&quot;}\">\n\t\t\t\t\t\t<div class=\"elementor-container elementor-column-gap-default\">\n\t\t\t\t\t<div class=\"elementor-column elementor-col-100 elementor-top-column elementor-element elementor-element-9160ba7\" data-id=\"9160ba7\" data-element_type=\"column\" data-e-type=\"column\">\n\t\t\t<div class=\"elementor-widget-wrap elementor-element-populated\">\n\t\t\t\t\t\t<div class=\"elementor-element elementor-element-47424a9 elementor-widget elementor-widget-gva-heading-block\" data-id=\"47424a9\" data-element_type=\"widget\" data-e-type=\"widget\" data-widget_type=\"gva-heading-block.default\">\n\t\t\t\t<div class=\"elementor-widget-container\">\n\t\t\t\t\t<div class=\"gva-element-gva-heading-block gva-element\">   <div class=\"align-center style-1 widget gsc-heading box-align-left auto-responsive\">\r\n      <div class=\"content-inner\">\r\n         \r\n         \r\n                     <div class=\"sub-title\">\r\n               <span class=\"tagline\">OFTE STILLEDE SP\u00d8RGSM\u00c5L<\/span>\r\n                                 <span class=\"shadow-text\">Crowdfunding<\/span>\r\n                  \r\n            <\/div>\r\n           \r\n         \r\n                     <h2 class=\"title\">\r\n               <span>Ofte stillede sp\u00f8rgsm\u00e5l<\/span>\r\n            <\/h2>\r\n                              <div class=\"title-desc\">Har du sp\u00f8rgsm\u00e5l? Vi har svarene! Vores FAQ-side er videns Sherlock Holmes, der l\u00f8ser dine mysterier og ikke efterlader noget sp\u00f8rgsm\u00e5l ubesvaret.<\/div>\r\n         \r\n         \r\n      <\/div>\r\n   <\/div>\r\n<\/div>\t\t\t\t<\/div>\n\t\t\t\t<\/div>\n\t\t\t\t<div class=\"elementor-element elementor-element-6bbc7c9 elementor-widget__width-initial elementor-widget elementor-widget-gva_icon_box_group\" data-id=\"6bbc7c9\" data-element_type=\"widget\" data-e-type=\"widget\" data-widget_type=\"gva_icon_box_group.default\">\n\t\t\t\t<div class=\"elementor-widget-container\">\n\t\t\t\t\t<div class=\"gva-element-gva_icon_box_group gva-element\">\r\n<div class=\"gsc-icon-box-group layout-grid style-1\">\r\n\t<div class=\"lg-block-grid-3 md-block-grid-3 sm-block-grid-2 xs-block-grid-1 xx-block-grid-1\">\r\n\t\t\t\t\t\r\n\t\t\t<div class=\"item-columns\">\r\n\t\t\t\t<div class=\"icon-box-item elementor-repeater-item-ac1090f active\">\r\n\t<div class=\"icon-box-content\">\r\n\t\t\r\n\t\t\t\t\t\r\n\t\t\t<div class=\"content-inner\">\r\n\t\t\t\t\t\t\t\t\t<h3 class=\"title\">Hvad er Bona Fides Invest?<\/h3>\r\n\t\t\t\t\t\t\t\t\t\t\t\t\t<div class=\"desc\">Bona Fides Invest er en EU-baseret fintech, der globalt hj\u00e6lper enkeltpersoner og organisationer med at finansiere deres projekter gennem crowdfunding.<\/div>\r\n\t\t\t\t\t\t\t<\/div>\t\r\n\r\n\t\t\t\r\n\r\n\t<\/div>  \t\r\n\t<\/div>\t\t\t<\/div>\r\n\r\n\t\t\t\t\t\r\n\t\t\t<div class=\"item-columns\">\r\n\t\t\t\t<div class=\"icon-box-item elementor-repeater-item-521f557 active\">\r\n\t<div class=\"icon-box-content\">\r\n\t\t\r\n\t\t\t\t\t\r\n\t\t\t<div class=\"content-inner\">\r\n\t\t\t\t\t\t\t\t\t<h3 class=\"title\">Hvad er crowdfunding?<\/h3>\r\n\t\t\t\t\t\t\t\t\t\t\t\t\t<div class=\"desc\">Crowdfunding er en innovativ og demokratisk projektfinansieringsmodel, der involverer offentlig pr\u00e6sentation af et projekt, normalt via en online platform, og g\u00f8r det muligt for borgerne at investere penge i det af altruistiske \u00e5rsager eller med det form\u00e5l at opn\u00e5 en fortjeneste eller en anden fordel. Det er muligt at bruge flere investeringsmodeller: donationer, k\u00f8b med tidsafstand, l\u00e5n, investering i kapitalandele, investering i overskudsandele og hybridmodeller. - Definition af Zoran Rajn, CEO for International Crowdfunding Center (ICFC)<\/div>\r\n\t\t\t\t\t\t\t<\/div>\t\r\n\r\n\t\t\t\r\n\r\n\t<\/div>  \t\r\n\t<\/div>\t\t\t<\/div>\r\n\r\n\t\t\t\t\t\r\n\t\t\t<div class=\"item-columns\">\r\n\t\t\t\t<div class=\"icon-box-item elementor-repeater-item-2200e1b active\">\r\n\t<div class=\"icon-box-content\">\r\n\t\t\r\n\t\t\t\t\t\r\n\t\t\t<div class=\"content-inner\">\r\n\t\t\t\t\t\t\t\t\t<h3 class=\"title\">Hvorfor crowdfunding?<\/h3>\r\n\t\t\t\t\t\t\t\t\t\t\t\t\t<div class=\"desc\">Crowdfunding er blevet afg\u00f8rende, fordi det g\u00f8r det lettere at finansiere initiativer, uanset om de er i deres tidlige v\u00e6kststadier eller modne. Verdensbanken forudser, at crowdfunding i 2025 vil generere \u00e5rlige investeringer p\u00e5 $95 milliarder, og nogle kilder s\u00e6tter tallet s\u00e5 h\u00f8jt som $300 milliarder.<\/div>\r\n\t\t\t\t\t\t\t<\/div>\t\r\n\r\n\t\t\t\r\n\r\n\t<\/div>  \t\r\n\t<\/div>\t\t\t<\/div>\r\n\r\n\t\t\t\t\t\r\n\t\t\t<div class=\"item-columns\">\r\n\t\t\t\t<div class=\"icon-box-item elementor-repeater-item-ec54124 active\">\r\n\t<div class=\"icon-box-content\">\r\n\t\t\r\n\t\t\t\t\t\r\n\t\t\t<div class=\"content-inner\">\r\n\t\t\t\t\t\t\t\t\t<h3 class=\"title\">Hvem kan bruge platformen?<\/h3>\r\n\t\t\t\t\t\t\t\t\t\t\t\t\t<div class=\"desc\">Bona Fides Invest-platformen kan bruges af alle enkeltpersoner (fysiske personer, h\u00e5ndv\u00e6rk, sekund\u00e6re erhverv, freelancere, familiebedrifter osv.) og juridiske enheder (virksomheder, kooperativer, NGO'er, fonde, private institutioner, finansielle institutioner, mellemstatslige organisationer (IGO'er), offentlige organer, statslige agenturer, ministerier, kamre, ambassader, byer, kommuner, b\u00f8rnehaver, skoler, gymnasier, universiteter osv.) Alle brugere af platformen skal v\u00e6re myndige, dvs. fuldt ud i stand til at drive forretning.<\/div>\r\n\t\t\t\t\t\t\t<\/div>\t\r\n\r\n\t\t\t\r\n\r\n\t<\/div>  \t\r\n\t<\/div>\t\t\t<\/div>\r\n\r\n\t\t\t\t\t\r\n\t\t\t<div class=\"item-columns\">\r\n\t\t\t\t<div class=\"icon-box-item elementor-repeater-item-fd7cb47 active\">\r\n\t<div class=\"icon-box-content\">\r\n\t\t\r\n\t\t\t\t\t\r\n\t\t\t<div class=\"content-inner\">\r\n\t\t\t\t\t\t\t\t\t<h3 class=\"title\">Hvilke lande underst\u00f8ttes?<\/h3>\r\n\t\t\t\t\t\t\t\t\t\t\t\t\t<div class=\"desc\">Vi opererer p\u00e5 alle kontinenter i 196 lande. Vores crowdfunding-platform byder kreative hjerner fra alle hj\u00f8rner af kloden velkommen!<\/div>\r\n\t\t\t\t\t\t\t<\/div>\t\r\n\r\n\t\t\t\r\n\r\n\t<\/div>  \t\r\n\t<\/div>\t\t\t<\/div>\r\n\r\n\t\t\t\t\t\r\n\t\t\t<div class=\"item-columns\">\r\n\t\t\t\t<div class=\"icon-box-item elementor-repeater-item-b9aa229 active\">\r\n\t<div class=\"icon-box-content\">\r\n\t\t\r\n\t\t\t\t\t\r\n\t\t\t<div class=\"content-inner\">\r\n\t\t\t\t\t\t\t\t\t<h3 class=\"title\">Hvilke typer projekter er tilladt p\u00e5 platformen?<\/h3>\r\n\t\t\t\t\t\t\t\t\t\t\t\t\t<div class=\"desc\">Vi byder en bred vifte af projekter velkommen - forretningsprojekter, samfundsinitiativer, velg\u00f8renhedssager, personlig fundraising osv. Det vigtigste er, at projektet og teamet overholder vores etiske retningslinjer og brugsbetingelser. Her kan du l\u00e6se om vores etik: https:\/\/bonafidesinvest.eu\/our-ethics\/<\/div>\r\n\t\t\t\t\t\t\t<\/div>\t\r\n\r\n\t\t\t\r\n\r\n\t<\/div>  \t\r\n\t\t\t  <a href=\"https:\/\/bonafidesinvest.eu\/da\/vores-etik\/\" class=\"link-overlay\">\r\n\t\t\t \t\t  <\/a>\r\n\t\t  <\/div>\t\t\t<\/div>\r\n\r\n\t\t\t\t\t\r\n\t\t\t<div class=\"item-columns\">\r\n\t\t\t\t<div class=\"icon-box-item elementor-repeater-item-eef7993 active\">\r\n\t<div class=\"icon-box-content\">\r\n\t\t\r\n\t\t\t\t\t\r\n\t\t\t<div class=\"content-inner\">\r\n\t\t\t\t\t\t\t\t\t<h3 class=\"title\">Hvilke trin er n\u00f8dvendige for at starte kampagnen?<\/h3>\r\n\t\t\t\t\t\t\t\t\t\t\t\t\t<div class=\"desc\">For at starte kampagnen skal du v\u00e6lge en prismodel og e-maile et projektresum\u00e9 til info@bonafidesinvest.eu. Derefter vil du modtage yderligere instruktioner fra vores kundesupport.<\/div>\r\n\t\t\t\t\t\t\t<\/div>\t\r\n\r\n\t\t\t\r\n\r\n\t<\/div>  \t\r\n\t<\/div>\t\t\t<\/div>\r\n\r\n\t\t\t\t\t\r\n\t\t\t<div class=\"item-columns\">\r\n\t\t\t\t<div class=\"icon-box-item elementor-repeater-item-d0e1c12 active\">\r\n\t<div class=\"icon-box-content\">\r\n\t\t\r\n\t\t\t\t\t\r\n\t\t\t<div class=\"content-inner\">\r\n\t\t\t\t\t\t\t\t\t<h3 class=\"title\">Hvor lang tid tager det for et projekt at blive gennemg\u00e5et og godkendt?<\/h3>\r\n\t\t\t\t\t\t\t\t\t\t\t\t\t<div class=\"desc\">N\u00e5r du har indsendt dit projekt til gennemgang, vil vores team n\u00f8je vurdere det for at sikre, at det lever op til vores retningslinjer og brugsbetingelser. Gennemgangsprocessen tager typisk et par arbejdsdage, men det kan variere afh\u00e6ngigt af projektets kompleksitet. Under s\u00e6rlige omst\u00e6ndigheder kan projektet blive godkendt samme dag, som det indsendes.<\/div>\r\n\t\t\t\t\t\t\t<\/div>\t\r\n\r\n\t\t\t\r\n\r\n\t<\/div>  \t\r\n\t<\/div>\t\t\t<\/div>\r\n\r\n\t\t\t\t\t\r\n\t\t\t<div class=\"item-columns\">\r\n\t\t\t\t<div class=\"icon-box-item elementor-repeater-item-5dadd4b active\">\r\n\t<div class=\"icon-box-content\">\r\n\t\t\r\n\t\t\t\t\t\r\n\t\t\t<div class=\"content-inner\">\r\n\t\t\t\t\t\t\t\t\t<h3 class=\"title\">Hvad er kampagneskabernes forpligtelser?<\/h3>\r\n\t\t\t\t\t\t\t\t\t\t\t\t\t<div class=\"desc\">Skabere af kampagner er forpligtede: 1) at give alle oplysninger om projektet og teamet, som platformen beder om; 2) at besvare alle sp\u00f8rgsm\u00e5l fra investorer; 3) at vise investorer, hvilke rettigheder og forpligtelser de har ved at investere; 4) at respektere forpligtelser og deadlines over for investorerne; 5) at bruge penge p\u00e5 den n\u00f8jagtige m\u00e5de, der er vist i projektbudgettet; 6) at s\u00f8rge for overholdelse af love og andre regler.<\/div>\r\n\t\t\t\t\t\t\t<\/div>\t\r\n\r\n\t\t\t\r\n\r\n\t<\/div>  \t\r\n\t<\/div>\t\t\t<\/div>\r\n\r\n\t\t\t\t\t\r\n\t\t\t<div class=\"item-columns\">\r\n\t\t\t\t<div class=\"icon-box-item elementor-repeater-item-d4b04b3 active\">\r\n\t<div class=\"icon-box-content\">\r\n\t\t\r\n\t\t\t\t\t\r\n\t\t\t<div class=\"content-inner\">\r\n\t\t\t\t\t\t\t\t\t<h3 class=\"title\">Hvor lang tid kan en fundraising tage?<\/h3>\r\n\t\t\t\t\t\t\t\t\t\t\t\t\t<div class=\"desc\">Hver bruger v\u00e6lger frit, hvor l\u00e6nge kampagnen skal vare.<\/div>\r\n\t\t\t\t\t\t\t<\/div>\t\r\n\r\n\t\t\t\r\n\r\n\t<\/div>  \t\r\n\t<\/div>\t\t\t<\/div>\r\n\r\n\t\t\t\t\t\r\n\t\t\t<div class=\"item-columns\">\r\n\t\t\t\t<div class=\"icon-box-item elementor-repeater-item-ae7c867 active\">\r\n\t<div class=\"icon-box-content\">\r\n\t\t\r\n\t\t\t\t\t\r\n\t\t\t<div class=\"content-inner\">\r\n\t\t\t\t\t\t\t\t\t<h3 class=\"title\">Bruger platformen en fast eller fleksibel finansieringsmodel?<\/h3>\r\n\t\t\t\t\t\t\t\t\t\t\t\t\t<div class=\"desc\">Bona Fides Invest bruger begge modeller.<\/div>\r\n\t\t\t\t\t\t\t<\/div>\t\r\n\r\n\t\t\t\r\n\r\n\t<\/div>  \t\r\n\t<\/div>\t\t\t<\/div>\r\n\r\n\t\t\t\t\t\r\n\t\t\t<div class=\"item-columns\">\r\n\t\t\t\t<div class=\"icon-box-item elementor-repeater-item-8393f50 active\">\r\n\t<div class=\"icon-box-content\">\r\n\t\t\r\n\t\t\t\t\t\r\n\t\t\t<div class=\"content-inner\">\r\n\t\t\t\t\t\t\t\t\t<h3 class=\"title\">Hvad er en fast model?<\/h3>\r\n\t\t\t\t\t\t\t\t\t\t\t\t\t<div class=\"desc\">I den faste model s\u00e6tter kampagneskaberen et specifikt finansieringsm\u00e5l, som de skal n\u00e5 inden for en forudbestemt tidsramme. Backernes kreditkort debiteres kun, hvis projektet n\u00e5r sit finansieringsm\u00e5l ved kampagnens afslutning. Hvis m\u00e5let ikke n\u00e5s, bliver der ikke indsamlet penge, og backernes kort bliver ikke debiteret. <\/div>\r\n\t\t\t\t\t\t\t<\/div>\t\r\n\r\n\t\t\t\r\n\r\n\t<\/div>  \t\r\n\t<\/div>\t\t\t<\/div>\r\n\r\n\t\t\t\t\t\r\n\t\t\t<div class=\"item-columns\">\r\n\t\t\t\t<div class=\"icon-box-item elementor-repeater-item-3b398e7 active\">\r\n\t<div class=\"icon-box-content\">\r\n\t\t\r\n\t\t\t\t\t\r\n\t\t\t<div class=\"content-inner\">\r\n\t\t\t\t\t\t\t\t\t<h3 class=\"title\">Hvad er en fleksibel model?<\/h3>\r\n\t\t\t\t\t\t\t\t\t\t\t\t\t<div class=\"desc\">Den fleksible model, ogs\u00e5 kendt som \"keep-it-all\"-modellen, giver kampagneskaberne mulighed for at modtage de midler, de har indsamlet, uanset om de n\u00e5r deres oprindelige finansieringsm\u00e5l. Backernes kreditkort debiteres straks efter, at de har givet et l\u00f8fte, uanset om kampagnen n\u00e5r sit finansieringsm\u00e5l eller ej. Selv hvis projektet ikke n\u00e5r m\u00e5let, kan skaberen stadig f\u00e5 adgang til midlerne og bruge dem til at forts\u00e6tte med sit projekt. <\/div>\r\n\t\t\t\t\t\t\t<\/div>\t\r\n\r\n\t\t\t\r\n\r\n\t<\/div>  \t\r\n\t<\/div>\t\t\t<\/div>\r\n\r\n\t\t\t\t\t\r\n\t\t\t<div class=\"item-columns\">\r\n\t\t\t\t<div class=\"icon-box-item elementor-repeater-item-f7fcd3b active\">\r\n\t<div class=\"icon-box-content\">\r\n\t\t\r\n\t\t\t\t\t\r\n\t\t\t<div class=\"content-inner\">\r\n\t\t\t\t\t\t\t\t\t<h3 class=\"title\">Hvilke betalingsmetoder accepterer Bona Fides Invest?<\/h3>\r\n\t\t\t\t\t\t\t\t\t\t\t\t\t<div class=\"desc\">Gennem Bona Fides Invest-platformen er det muligt at foretage betalinger gennem fem forskellige kanaler: 1) Visa-, MasterCard- og Maestro-kort; 2) Aircash; 3) KEKS Pay; 4) Kryptovaluta via Paycek; 5) Almindeligt indbetalingskort eller internet-\/mobilbank.<\/div>\r\n\t\t\t\t\t\t\t<\/div>\t\r\n\r\n\t\t\t\r\n\r\n\t<\/div>  \t\r\n\t<\/div>\t\t\t<\/div>\r\n\r\n\t\t\t\t\t\r\n\t\t\t<div class=\"item-columns\">\r\n\t\t\t\t<div class=\"icon-box-item elementor-repeater-item-f6fa8da active\">\r\n\t<div class=\"icon-box-content\">\r\n\t\t\r\n\t\t\t\t\t\r\n\t\t\t<div class=\"content-inner\">\r\n\t\t\t\t\t\t\t\t\t<h3 class=\"title\">Hvor meget koster det at bruge platformen?<\/h3>\r\n\t\t\t\t\t\t\t\t\t\t\t\t\t<div class=\"desc\">Platformen bruger fire prismodeller - uddannelsesmodellen, Best Buy-modellen, Challenge-modellen og Turnkey-modellen. Se mere information om dem her: https:\/\/bonafidesinvest.eu\/pricing\/<\/div>\r\n\t\t\t\t\t\t\t<\/div>\t\r\n\r\n\t\t\t\r\n\r\n\t<\/div>  \t\r\n\t\t\t  <a href=\"https:\/\/bonafidesinvest.eu\/da\/prisfastsaettelse\/\" class=\"link-overlay\">\r\n\t\t\t \t\t  <\/a>\r\n\t\t  <\/div>\t\t\t<\/div>\r\n\r\n\t\t\t\t\t\r\n\t\t\t<div class=\"item-columns\">\r\n\t\t\t\t<div class=\"icon-box-item elementor-repeater-item-830f20e active\">\r\n\t<div class=\"icon-box-content\">\r\n\t\t\r\n\t\t\t\t\t\r\n\t\t\t<div class=\"content-inner\">\r\n\t\t\t\t\t\t\t\t\t<h3 class=\"title\">Er der rabat p\u00e5 at bruge platformen?<\/h3>\r\n\t\t\t\t\t\t\t\t\t\t\t\t\t<div class=\"desc\">Visse brugergrupper er berettiget til rabatter. Her er yderligere oplysninger om rabatter: https:\/\/bonafidesinvest.eu\/social-responsibility\/<\/div>\r\n\t\t\t\t\t\t\t<\/div>\t\r\n\r\n\t\t\t\r\n\r\n\t<\/div>  \t\r\n\t\t\t  <a href=\"https:\/\/bonafidesinvest.eu\/da\/social-ansvarlighed\/\" class=\"link-overlay\">\r\n\t\t\t \t\t  <\/a>\r\n\t\t  <\/div>\t\t\t<\/div>\r\n\r\n\t\t\t\t\t\r\n\t\t\t<div class=\"item-columns\">\r\n\t\t\t\t<div class=\"icon-box-item elementor-repeater-item-7d3ab69 active\">\r\n\t<div class=\"icon-box-content\">\r\n\t\t\r\n\t\t\t\t\t\r\n\t\t\t<div class=\"content-inner\">\r\n\t\t\t\t\t\t\t\t\t<h3 class=\"title\">Hvordan st\u00f8tter jeg en kampagne?<\/h3>\r\n\t\t\t\t\t\t\t\t\t\t\t\t\t<div class=\"desc\">For at st\u00f8tte en kampagne skal du blot finde et projekt, der v\u00e6kker genklang hos dig, og v\u00e6lge din finansieringsmodel. Du kan derefter give dit bidrag sikkert via vores platform ved hj\u00e6lp af forskellige betalingsmetoder.<\/div>\r\n\t\t\t\t\t\t\t<\/div>\t\r\n\r\n\t\t\t\r\n\r\n\t<\/div>  \t\r\n\t<\/div>\t\t\t<\/div>\r\n\r\n\t\t\t\t\t\r\n\t\t\t<div class=\"item-columns\">\r\n\t\t\t\t<div class=\"icon-box-item elementor-repeater-item-0e8f2e5 active\">\r\n\t<div class=\"icon-box-content\">\r\n\t\t\r\n\t\t\t\t\t\r\n\t\t\t<div class=\"content-inner\">\r\n\t\t\t\t\t\t\t\t\t<h3 class=\"title\">Er mine betalingsoplysninger sikre?<\/h3>\r\n\t\t\t\t\t\t\t\t\t\t\t\t\t<div class=\"desc\">Ja, Bona Fides Invest tager sikkerheden og fortroligheden af dine betalingsoplysninger alvorligt. Vi bruger sikre betalingsgateways og krypteringsprotokoller for at garantere sikkerheden af dine transaktioner.<\/div>\r\n\t\t\t\t\t\t\t<\/div>\t\r\n\r\n\t\t\t\r\n\r\n\t<\/div>  \t\r\n\t<\/div>\t\t\t<\/div>\r\n\r\n\t\t\t\t\t\r\n\t\t\t<div class=\"item-columns\">\r\n\t\t\t\t<div class=\"icon-box-item elementor-repeater-item-1a95ba9 active\">\r\n\t<div class=\"icon-box-content\">\r\n\t\t\r\n\t\t\t\t\t\r\n\t\t\t<div class=\"content-inner\">\r\n\t\t\t\t\t\t\t\t\t<h3 class=\"title\">Hvordan sikrer Bona Fides Invest \u00e6gtheden af projekter og projektskabere?<\/h3>\r\n\t\t\t\t\t\t\t\t\t\t\t\t\t<div class=\"desc\">Bona Fides Invest tager komplekse forholdsregler for at sikre legitimiteten og autenticiteten af projekter og projektskabere. Vi gennemg\u00e5r hvert projekt for at verificere skaberens identitet og intentioner. Derudover spiller vores backersamfund en rolle i rapporteringen af mist\u00e6nkelige eller vildledende kampagner.<\/div>\r\n\t\t\t\t\t\t\t<\/div>\t\r\n\r\n\t\t\t\r\n\r\n\t<\/div>  \t\r\n\t<\/div>\t\t\t<\/div>\r\n\r\n\t\t\t\t\t\r\n\t\t\t<div class=\"item-columns\">\r\n\t\t\t\t<div class=\"icon-box-item elementor-repeater-item-fd55ca8 active\">\r\n\t<div class=\"icon-box-content\">\r\n\t\t\r\n\t\t\t\t\t\r\n\t\t\t<div class=\"content-inner\">\r\n\t\t\t\t\t\t\t\t\t<h3 class=\"title\"> Kan jeg annullere mit l\u00f8fte efter at have st\u00f8ttet et projekt? <\/h3>\r\n\t\t\t\t\t\t\t\t\t\t\t\t\t<div class=\"desc\">L\u00f8ftet kan kun annulleres under kampagnen. Annullering er ikke tilladt, efter at kampagnen er afsluttet.  Men hvis der er formildende omst\u00e6ndigheder, kan du kontakte projektskaberen for at diskutere din situation. <\/div>\r\n\t\t\t\t\t\t\t<\/div>\t\r\n\r\n\t\t\t\r\n\r\n\t<\/div>  \t\r\n\t<\/div>\t\t\t<\/div>\r\n\r\n\t\t\t\t\t\r\n\t\t\t<div class=\"item-columns\">\r\n\t\t\t\t<div class=\"icon-box-item elementor-repeater-item-30d2679 active\">\r\n\t<div class=\"icon-box-content\">\r\n\t\t\r\n\t\t\t\t\t\r\n\t\t\t<div class=\"content-inner\">\r\n\t\t\t\t\t\t\t\t\t<h3 class=\"title\">Hvordan modtager jeg mine bel\u00f8nninger som backer?<\/h3>\r\n\t\t\t\t\t\t\t\t\t\t\t\t\t<div class=\"desc\">N\u00e5r et projekt er finansieret, vil projektskaberne kommunikere med bagm\u00e6ndene for at indsamle de n\u00f8dvendige oplysninger og levere bel\u00f8nninger. Projektskaberne er eneansvarlige for at opfylde l\u00f8fterne til backers og levere projektet som beskrevet.<\/div>\r\n\t\t\t\t\t\t\t<\/div>\t\r\n\r\n\t\t\t\r\n\r\n\t<\/div>  \t\r\n\t<\/div>\t\t\t<\/div>\r\n\r\n\t\t\t\t\t\r\n\t\t\t<div class=\"item-columns\">\r\n\t\t\t\t<div class=\"icon-box-item elementor-repeater-item-b4aab4c active\">\r\n\t<div class=\"icon-box-content\">\r\n\t\t\r\n\t\t\t\t\t\r\n\t\t\t<div class=\"content-inner\">\r\n\t\t\t\t\t\t\t\t\t<h3 class=\"title\">Er der en gr\u00e6nse for, hvor mange projekter jeg kan st\u00f8tte?<\/h3>\r\n\t\t\t\t\t\t\t\t\t\t\t\t\t<div class=\"desc\">Nej, der er ingen gr\u00e6nse for, hvor mange projekter du kan st\u00f8tte. Du kan st\u00f8tte s\u00e5 mange projekter, som du \u00f8nsker, afh\u00e6ngigt af dine interesser og dit budget.\n\n<\/div>\r\n\t\t\t\t\t\t\t<\/div>\t\r\n\r\n\t\t\t\r\n\r\n\t<\/div>  \t\r\n\t<\/div>\t\t\t<\/div>\r\n\r\n\t\t\t\t\t\r\n\t\t\t<div class=\"item-columns\">\r\n\t\t\t\t<div class=\"icon-box-item elementor-repeater-item-63e54bb active\">\r\n\t<div class=\"icon-box-content\">\r\n\t\t\r\n\t\t\t\t\t\r\n\t\t\t<div class=\"content-inner\">\r\n\t\t\t\t\t\t\t\t\t<h3 class=\"title\">Hvordan kan jeg holde mig opdateret om nye projekter og kampagner?<\/h3>\r\n\t\t\t\t\t\t\t\t\t\t\t\t\t<div class=\"desc\">Hvis du vil holde dig orienteret om nye projekter og kampagner, kan du abonnere p\u00e5 vores nyhedsbrev og f\u00f8lge os p\u00e5 de sociale medier. Du vil modtage regelm\u00e6ssige opdateringer om de seneste projekter og sp\u00e6ndende muligheder for at st\u00f8tte innovative ideer.<\/div>\r\n\t\t\t\t\t\t\t<\/div>\t\r\n\r\n\t\t\t\r\n\r\n\t<\/div>  \t\r\n\t<\/div>\t\t\t<\/div>\r\n\r\n\t\t\t\t\t\r\n\t\t\t<div class=\"item-columns\">\r\n\t\t\t\t<div class=\"icon-box-item elementor-repeater-item-849a6cd active\">\r\n\t<div class=\"icon-box-content\">\r\n\t\t\r\n\t\t\t\t\t\r\n\t\t\t<div class=\"content-inner\">\r\n\t\t\t\t\t\t\t\t\t<h3 class=\"title\">Hvordan kan jeg kontakte Bona Fides Invest for support?<\/h3>\r\n\t\t\t\t\t\t\t\t\t\t\t\t\t<div class=\"desc\">Hvis du har sp\u00f8rgsm\u00e5l, bekymringer eller tekniske problemer, kan du kontakte vores kundesupportteam via vores kontaktside p\u00e5 hjemmesiden. Vi er her altid for at hj\u00e6lpe dig p\u00e5 din crowdfunding-rejse.<\/div>\r\n\t\t\t\t\t\t\t<\/div>\t\r\n\r\n\t\t\t\r\n\r\n\t<\/div>  \t\r\n\t<\/div>\t\t\t<\/div>\r\n\r\n\t\t\t<\/div>   \r\n<\/div>\r\n<\/div>\t\t\t\t<\/div>\n\t\t\t\t<\/div>\n\t\t\t\t<div class=\"elementor-element elementor-element-318ff83 elementor-widget elementor-widget-text-editor\" data-id=\"318ff83\" data-element_type=\"widget\" data-e-type=\"widget\" data-widget_type=\"text-editor.default\">\n\t\t\t\t<div class=\"elementor-widget-container\">\n\t\t\t\t\t\t\t\t\t<p style=\"text-align: left;\"><span style=\"color: #000000;\">Har du flere sp\u00f8rgsm\u00e5l? Du er altid velkommen til at kontakte os! Vores team er ivrige efter at hj\u00e6lpe dig p\u00e5 enhver mulig m\u00e5de. God forn\u00f8jelse med crowdfunding!<\/span><\/p>\t\t\t\t\t\t\t\t<\/div>\n\t\t\t\t<\/div>\n\t\t\t\t\t<\/div>\n\t\t<\/div>\n\t\t\t\t\t<\/div>\n\t\t<\/section>\n\t\t\t\t<section class=\"elementor-section elementor-top-section elementor-element elementor-element-45d71a4 elementor-section-boxed elementor-section-height-default elementor-section-height-default\" data-id=\"45d71a4\" data-element_type=\"section\" data-e-type=\"section\" data-settings=\"{&quot;background_background&quot;:&quot;classic&quot;}\">\n\t\t\t\t\t\t<div class=\"elementor-container elementor-column-gap-default\">\n\t\t\t\t\t<div class=\"elementor-column elementor-col-50 elementor-top-column elementor-element elementor-element-1ac978d\" data-id=\"1ac978d\" data-element_type=\"column\" data-e-type=\"column\">\n\t\t\t<div class=\"elementor-widget-wrap elementor-element-populated\">\n\t\t\t\t\t\t<div class=\"elementor-element elementor-element-7656865 elementor-widget elementor-widget-gva-heading-block\" data-id=\"7656865\" data-element_type=\"widget\" data-e-type=\"widget\" data-widget_type=\"gva-heading-block.default\">\n\t\t\t\t<div class=\"elementor-widget-container\">\n\t\t\t\t\t<div class=\"gva-element-gva-heading-block gva-element\">   <div class=\"align-left style-1 widget gsc-heading box-align-left auto-responsive\">\r\n      <div class=\"content-inner\">\r\n         \r\n         \r\n                     <div class=\"sub-title\">\r\n               <span class=\"tagline\">Unik crowdfunding-metode som fingeraftryk<\/span>\r\n                                 <span class=\"shadow-text\">S\u00e6rpr\u00e6get<\/span>\r\n                  \r\n            <\/div>\r\n           \r\n         \r\n                     <h2 class=\"title\">\r\n               <span>Vidste du, at kroaten Ivan Vu\u010deti\u0107 opfandt den fingeraftryksteknik, der kaldes daktyloskopi?<\/span>\r\n            <\/h2>\r\n                  \r\n                     <div class=\"heading-action\">\r\n               \t\t  <a href=\"https:\/\/bonafidesinvest.eu\/da\/hvordan-det-virker\/\" class=\"btn-cta btn-theme\">\r\n\t\t\t <span>F\u00e5 mere at vide om vores proces<\/span>\r\n\t\t  <\/a>\r\n\r\n\t\t              <\/div>\r\n         \r\n      <\/div>\r\n   <\/div>\r\n<\/div>\t\t\t\t<\/div>\n\t\t\t\t<\/div>\n\t\t\t\t\t<\/div>\n\t\t<\/div>\n\t\t\t\t<div class=\"elementor-column elementor-col-50 elementor-top-column elementor-element elementor-element-306238b\" data-id=\"306238b\" data-element_type=\"column\" data-e-type=\"column\">\n\t\t\t<div class=\"elementor-widget-wrap elementor-element-populated\">\n\t\t\t\t\t\t<div class=\"elementor-element elementor-element-055bde8 elementor-widget__width-auto elementor-widget elementor-widget-html\" data-id=\"055bde8\" data-element_type=\"widget\" data-e-type=\"widget\" data-widget_type=\"html.default\">\n\t\t\t\t<div class=\"elementor-widget-container\">\n\t\t\t\t\t<a class=\"btn-border-white\" href=\"https:\/\/bonafidesinvest.eu\/da\/hvordan-det-virker\/\">\n    Start\n<\/a>\t\t\t\t<\/div>\n\t\t\t\t<\/div>\n\t\t\t\t\t<\/div>\n\t\t<\/div>\n\t\t\t\t\t<\/div>\n\t\t<\/section>\n\t\t\t\t<\/div>","protected":false},"excerpt":{"rendered":"<p>FAQ Crowdfunding Frequently Asked Questions Got questions? We&#8217;ve got answers! Our FAQ page is the Sherlock Holmes of knowledge, solving your mysteries and leaving no question unanswered. What is Bona [&hellip;]<\/p>\n","protected":false},"author":1,"featured_media":0,"parent":0,"menu_order":0,"comment_status":"closed","ping_status":"closed","template":"","meta":{"footnotes":""},"class_list":["post-4942","page","type-page","status-publish","hentry"],"wpcf_dashboard":"<div class=\"woocommerce\"><div class=\"woocommerce-info\">Please log in first? <a class=\"wpneoShowLogin\" href=\"#\">Click here to login<\/a><\/div><div class=\"wpneo_login_form_div\" style=\"display: none;\"><form name=\"loginform\" id=\"loginform\" action=\"https:\/\/bonafidesinvest.eu\/wp-login.php\" method=\"post\"><p class=\"login-username\">\n\t\t\t\t<label for=\"user_login\">Brugernavn eller e-mailadresse<\/label>\n\t\t\t\t<input type=\"text\" name=\"log\" id=\"user_login\" autocomplete=\"username\" class=\"input\" value=\"\" size=\"20\" \/>\n\t\t\t<\/p><p class=\"login-password\">\n\t\t\t\t<label for=\"user_pass\">Adgangskode<\/label>\n\t\t\t\t<input type=\"password\" name=\"pwd\" id=\"user_pass\" autocomplete=\"current-password\" spellcheck=\"false\" class=\"input\" value=\"\" size=\"20\" \/>\n\t\t\t<\/p><p class=\"login-remember\"><label><input name=\"rememberme\" type=\"checkbox\" id=\"rememberme\" value=\"forever\" \/> Husk mig<\/label><\/p><p class=\"login-submit\">\n\t\t\t\t<input type=\"submit\" name=\"wp-submit\" id=\"wp-submit\" class=\"button button-primary\" value=\"Log ind\" \/>\n\t\t\t\t<input type=\"hidden\" name=\"redirect_to\" value=\"https:\/\/bonafidesinvest.eu\/da\/wp-json\/wp\/v2\/pages\/4942\" \/>\n\t\t\t<\/p><\/form><\/div><\/div>","_links":{"self":[{"href":"https:\/\/bonafidesinvest.eu\/da\/wp-json\/wp\/v2\/pages\/4942","targetHints":{"allow":["GET"]}}],"collection":[{"href":"https:\/\/bonafidesinvest.eu\/da\/wp-json\/wp\/v2\/pages"}],"about":[{"href":"https:\/\/bonafidesinvest.eu\/da\/wp-json\/wp\/v2\/types\/page"}],"author":[{"embeddable":true,"href":"https:\/\/bonafidesinvest.eu\/da\/wp-json\/wp\/v2\/users\/1"}],"replies":[{"embeddable":true,"href":"https:\/\/bonafidesinvest.eu\/da\/wp-json\/wp\/v2\/comments?post=4942"}],"version-history":[{"count":0,"href":"https:\/\/bonafidesinvest.eu\/da\/wp-json\/wp\/v2\/pages\/4942\/revisions"}],"wp:attachment":[{"href":"https:\/\/bonafidesinvest.eu\/da\/wp-json\/wp\/v2\/media?parent=4942"}],"curies":[{"name":"wp","href":"https:\/\/api.w.org\/{rel}","templated":true}]}}