{"id":3,"date":"2023-03-24T10:16:53","date_gmt":"2023-03-24T10:16:53","guid":{"rendered":"https:\/\/bonafidesinvest.eu\/?page_id=3"},"modified":"2023-04-04T01:52:30","modified_gmt":"2023-04-04T01:52:30","slug":"personal-data-gathering-and-protection-statement","status":"publish","type":"page","link":"https:\/\/bonafidesinvest.eu\/da\/personal-data-gathering-and-protection-statement\/","title":{"rendered":"Erkl\u00e6ring om indsamling og beskyttelse af persondata"},"content":{"rendered":"<div data-elementor-type=\"wp-page\" data-elementor-id=\"3\" class=\"elementor elementor-3\">\n\t\t\t\t\t\t<section class=\"elementor-section elementor-top-section elementor-element elementor-element-656a14ac elementor-section-boxed elementor-section-height-default elementor-section-height-default\" data-id=\"656a14ac\" data-element_type=\"section\" data-e-type=\"section\">\n\t\t\t\t\t\t<div class=\"elementor-container elementor-column-gap-default\">\n\t\t\t\t\t<div class=\"elementor-column elementor-col-100 elementor-top-column elementor-element elementor-element-689a5e94\" data-id=\"689a5e94\" data-element_type=\"column\" data-e-type=\"column\">\n\t\t\t<div class=\"elementor-widget-wrap elementor-element-populated\">\n\t\t\t\t\t\t<div class=\"elementor-element elementor-element-13db662d elementor-widget elementor-widget-text-editor\" data-id=\"13db662d\" data-element_type=\"widget\" data-e-type=\"widget\" data-widget_type=\"text-editor.default\">\n\t\t\t\t<div class=\"elementor-widget-container\">\n\t\t\t\t\t\t\t\t\t<p><span style=\"color: #000000;\"><strong>Erkl\u00e6ring om indsamling og beskyttelse af persondata<\/strong><\/span><\/p>\n<p><span style=\"color: #000000;\">Dit privatliv er vigtigt for os. Vi \u00f8nsker, at du skal f\u00f8le dig tryg hos os, og vi handler i overensstemmelse med dette og de juridiske bestemmelser om beskyttelse af personoplysninger.<\/span><\/p>\n<p><span style=\"color: #000000;\">I det f\u00f8lgende informerer vi dig om de form\u00e5l, som vi indsamler og bruger dine personlige data til, og hvordan du kan overv\u00e5ge disse procedurer og ud\u00f8ve dine rettigheder.<\/span><\/p>\n<p><span style=\"color: #000000;\">Vores IT-systemer er beskyttet af tekniske og organisatoriske foranstaltninger mod uautoriseret adgang, \u00e6ndring eller udbredelse af dine data samt mod tab eller sletning.<\/span><\/p>\n<p><span style=\"color: #000000;\">Alle brugeroplysninger er strengt beskyttede og er kun tilg\u00e6ngelige for de medarbejdere, der har brug for disse oplysninger for at udf\u00f8re jobbet. Alle vores medarbejdere og forretningspartnere er ansvarlige for at f\u00f8lge principperne for fortrolighedsbeskyttelse.<\/span><\/p>\n<p><span style=\"color: #000000;\">Som vores bruger har du ret til at modtage information om h\u00e5ndteringen af dine personlige data og til at frems\u00e6tte anmodninger om at ud\u00f8ve dine rettigheder.<\/span><\/p>\n<p><span style=\"color: #000000;\">Behandlingen af personlige data udf\u00f8res af:<\/span><br \/><span style=\"color: #000000;\">Center for social innovation og b\u00e6redygtig udvikling (CEDIOR)<\/span><br \/><span style=\"color: #000000;\">Ante Jak\u0161i\u0107a 10, 10 000 Zagreb, Kroatien<\/span><br \/><span style=\"color: #000000;\">PIN-KODE: 12061569340<\/span><br \/><span style=\"color: #000000;\">+385 (0)98 611 467<\/span><br \/><span style=\"color: #000000;\">info@bonafidesinvest.eu<\/span><\/p>\n<p><span style=\"color: #000000;\"><strong>Form\u00e5l og retsgrundlag for databehandling<\/strong><\/span><\/p>\n<p><span style=\"color: #000000;\">Vi bruger udelukkende dine personlige data til at forbinde investorer og projektholdere, til forretningskorrespondance og til at sende meddelelser, og vi videregiver dem ikke eller bruger dem til uforudsete form\u00e5l.<\/span><\/p>\n<p><span style=\"color: #000000;\"><strong>De data, vi indsamler, kan indeholde:<br \/><\/strong><\/span><\/p>\n<ul>\n<li><span style=\"color: #000000;\">Fornavn og efternavn \/ firmanavn;<\/span><\/li>\n<li><span style=\"color: #000000;\">Postadresse;<\/span><\/li>\n<li><span style=\"color: #000000;\">E-mail-adresse;<\/span><\/li>\n<li><span style=\"color: #000000;\">Mobilnummer eller fastnetnummer.<\/span><\/li>\n<\/ul>\n<p><span style=\"color: #000000;\"><strong>Meddelelse via e-mail<\/strong><\/span><\/p>\n<p><span style=\"color: #000000;\">Vi bruger Mailchimp-platformen til at levere nyhedsbreve samt til at administrere modtagerlister og afmeldingsregistre og tr\u00e6ffer alle n\u00f8dvendige foranstaltninger for at beskytte data i overensstemmelse med reglerne om beskyttelse af personoplysninger. Det er din ret at acceptere eller afvise at modtage vores kommunikation.<\/span><\/p>\n<p><span style=\"color: #000000;\"><strong>Brugerrettigheder<\/strong><\/span><\/p>\n<p><span style=\"color: #000000;\">Vi garanterer dig f\u00f8lgende rettigheder:<\/span><\/p>\n<ul>\n<li><span style=\"color: #000000;\">Retten til adgang (information om omfang og type) af dine data;<\/span><\/li>\n<li><span style=\"color: #000000;\">Retten til rettelse (henviser til de oplysninger, du har givet);<\/span><\/li>\n<li><span style=\"color: #000000;\">Retten til at blive glemt;<\/span><\/li>\n<li><span style=\"color: #000000;\">Retten til at klage over brugen af personlige data.<\/span><\/li>\n<\/ul>\n<p><span style=\"color: #000000;\"><strong>Ret til adgang<\/strong><\/span><\/p>\n<p><span style=\"color: #000000;\">Du har ret til information om dine personlige data, som vi administrerer og gemmer.<\/span><\/p>\n<p><span style=\"color: #000000;\"><strong>Ret til berigtigelse<\/strong><\/span><\/p>\n<p><span style=\"color: #000000;\">Du har ret til at f\u00e5 rettet ukorrekte personoplysninger om dig, hvilket vi vil g\u00f8re inden for 3 arbejdsdage.<\/span><\/p>\n<p><span style=\"color: #000000;\"><strong>Ret til sletning (retten til at blive glemt)<\/strong><\/span><\/p>\n<p><span style=\"color: #000000;\">Du har ret til at f\u00e5 anonymiseret dine personlige data uden un\u00f8dig forsinkelse, hvis du ikke \u00f8nsker at v\u00e6re en yderligere bruger af tjenesterne, eller hvis du ikke \u00f8nsker, at vi bruger dine personlige data til de angivne form\u00e5l.<\/span><\/p>\n<p><span style=\"color: #000000;\"><strong>Retten til at g\u00f8re indsigelse mod brugen af personlige data<\/strong><\/span><\/p>\n<p><span style=\"color: #000000;\">Hvis behandlingen af dine personoplysninger er baseret p\u00e5 opfyldelsen af vores legitime interesser, har du til enhver tid ret til at g\u00f8re indsigelse mod en s\u00e5dan behandling af personoplysninger i det omfang, behandlingen vedr\u00f8rer dine data. Hvis du g\u00f8r en s\u00e5dan indsigelse:<\/span><\/p>\n<ul>\n<li><span style=\"color: #000000;\">regarding notifications (\u201cnewsletter\u201d) \u2013 we will not use your personal data for this purpose;<\/span><\/li>\n<li><span style=\"color: #000000;\">related to other cases of legitimate interest \u2013 we will not further process your personal data for the purpose to which the complaint relates.<\/span><\/li>\n<\/ul>\n<p><span style=\"color: #000000;\"><strong>Sm\u00e5kager<\/strong><\/span><\/p>\n<p><span style=\"color: #000000;\">Vi bruger computercookies p\u00e5 vores hjemmeside for at aktivere visse tekniske funktioner og g\u00f8re det lettere for dig at navigere p\u00e5 vores hjemmeside.<\/span><\/p>\n<p><span style=\"color: #000000;\"><strong>S\u00e5dan kan du ud\u00f8ve dine rettigheder<\/strong><\/span><\/p>\n<p><span style=\"color: #000000;\">For all questions and requests regarding your personal data, please contact our data protection coordinators at email address info@bonafidesinvest.eu with the note DATA PROTECTION in the \u201cSubject\u201d.<\/span><\/p>\n<p><span style=\"color: #000000;\">Vi vil behandle dine foresp\u00f8rgsler og anmodninger uden un\u00f8dig forsinkelse og i overensstemmelse med juridiske forpligtelser, og vi vil informere dig om de foranstaltninger, vi har truffet.<\/span><\/p>\t\t\t\t\t\t\t\t<\/div>\n\t\t\t\t<\/div>\n\t\t\t\t\t<\/div>\n\t\t<\/div>\n\t\t\t\t\t<\/div>\n\t\t<\/section>\n\t\t\t\t<\/div>","protected":false},"excerpt":{"rendered":"<p>Personal data gathering and protection statement Your privacy is important to us. We want you to feel safe with us, and we act in accordance with that and the legal [&hellip;]<\/p>\n","protected":false},"author":1,"featured_media":0,"parent":0,"menu_order":0,"comment_status":"closed","ping_status":"closed","template":"","meta":{"footnotes":""},"class_list":["post-3","page","type-page","status-publish","hentry"],"wpcf_dashboard":"<div class=\"woocommerce\"><div class=\"woocommerce-info\">Please log in first? <a class=\"wpneoShowLogin\" href=\"#\">Click here to login<\/a><\/div><div class=\"wpneo_login_form_div\" style=\"display: none;\"><form name=\"loginform\" id=\"loginform\" action=\"https:\/\/bonafidesinvest.eu\/wp-login.php\" method=\"post\"><p class=\"login-username\">\n\t\t\t\t<label for=\"user_login\">Brugernavn eller e-mailadresse<\/label>\n\t\t\t\t<input type=\"text\" name=\"log\" id=\"user_login\" autocomplete=\"username\" class=\"input\" value=\"\" size=\"20\" \/>\n\t\t\t<\/p><p class=\"login-password\">\n\t\t\t\t<label for=\"user_pass\">Adgangskode<\/label>\n\t\t\t\t<input type=\"password\" name=\"pwd\" id=\"user_pass\" autocomplete=\"current-password\" spellcheck=\"false\" class=\"input\" value=\"\" size=\"20\" \/>\n\t\t\t<\/p><p class=\"login-remember\"><label><input name=\"rememberme\" type=\"checkbox\" id=\"rememberme\" value=\"forever\" \/> Husk mig<\/label><\/p><p class=\"login-submit\">\n\t\t\t\t<input type=\"submit\" name=\"wp-submit\" id=\"wp-submit\" class=\"button button-primary\" value=\"Log ind\" \/>\n\t\t\t\t<input type=\"hidden\" name=\"redirect_to\" value=\"https:\/\/bonafidesinvest.eu\/da\/wp-json\/wp\/v2\/pages\/3\" \/>\n\t\t\t<\/p><\/form><\/div><\/div>","_links":{"self":[{"href":"https:\/\/bonafidesinvest.eu\/da\/wp-json\/wp\/v2\/pages\/3","targetHints":{"allow":["GET"]}}],"collection":[{"href":"https:\/\/bonafidesinvest.eu\/da\/wp-json\/wp\/v2\/pages"}],"about":[{"href":"https:\/\/bonafidesinvest.eu\/da\/wp-json\/wp\/v2\/types\/page"}],"author":[{"embeddable":true,"href":"https:\/\/bonafidesinvest.eu\/da\/wp-json\/wp\/v2\/users\/1"}],"replies":[{"embeddable":true,"href":"https:\/\/bonafidesinvest.eu\/da\/wp-json\/wp\/v2\/comments?post=3"}],"version-history":[{"count":0,"href":"https:\/\/bonafidesinvest.eu\/da\/wp-json\/wp\/v2\/pages\/3\/revisions"}],"wp:attachment":[{"href":"https:\/\/bonafidesinvest.eu\/da\/wp-json\/wp\/v2\/media?parent=3"}],"curies":[{"name":"wp","href":"https:\/\/api.w.org\/{rel}","templated":true}]}}