{"id":7786,"date":"2024-02-13T17:27:54","date_gmt":"2024-02-13T15:27:54","guid":{"rendered":"https:\/\/bonafidesinvest.eu\/?page_id=7786"},"modified":"2024-03-16T03:16:28","modified_gmt":"2024-03-16T01:16:28","slug":"zpravy","status":"publish","type":"page","link":"https:\/\/bonafidesinvest.eu\/cs\/messages\/","title":{"rendered":"Zpr\u00e1vy"},"content":{"rendered":"<div data-elementor-type=\"wp-page\" data-elementor-id=\"7786\" class=\"elementor elementor-7786\">\n\t\t\t\t\t\t<section class=\"elementor-section elementor-top-section elementor-element elementor-element-44765eb elementor-section-boxed elementor-section-height-default elementor-section-height-default\" data-id=\"44765eb\" data-element_type=\"section\" data-e-type=\"section\">\n\t\t\t\t\t\t<div class=\"elementor-container elementor-column-gap-default\">\n\t\t\t\t\t<div class=\"elementor-column elementor-col-100 elementor-top-column elementor-element elementor-element-fa4bf63\" data-id=\"fa4bf63\" data-element_type=\"column\" data-e-type=\"column\">\n\t\t\t<div class=\"elementor-widget-wrap elementor-element-populated\">\n\t\t\t\t\t\t<div class=\"elementor-element elementor-element-6a1881a elementor-widget elementor-widget-text-editor\" data-id=\"6a1881a\" data-element_type=\"widget\" data-e-type=\"widget\" data-widget_type=\"text-editor.default\">\n\t\t\t\t<div class=\"elementor-widget-container\">\n\t\t\t\t\t\t\t\t\t<p><span style=\"color: #000000;\">Dobr\u00fd den z Bona Fides Invest!<\/span><\/p><p><span style=\"color: #000000;\">D\u011bkujeme za va\u0161i objedn\u00e1vku!<\/span><\/p><p><span style=\"color: #000000;\">Va\u0161e objedn\u00e1vka je pozastavena, dokud nepotvrd\u00edme p\u0159ijet\u00ed platby. \u00dadaje o va\u0161\u00ed objedn\u00e1vce jsou uvedeny n\u00ed\u017ee pro va\u0161i informaci:<\/span><\/p><h2>Podrobnosti o objedn\u00e1vce<\/h2><table border=\"0\" width=\"100%\" cellspacing=\"0\" cellpadding=\"0\"><tbody><tr><td align=\"left\" valign=\"middle\"><h3><em><span style=\"color: #000000;\">Objednac\u00ed \u010d\u00edslo:<\/span><\/em><\/h3><\/td><td align=\"right\" valign=\"middle\"><h3><span style=\"color: #000000;\"><em>Datum objedn\u00e1vky:<\/em>\u00a0<\/span><\/h3><\/td><\/tr><\/tbody><\/table><div><div class=\"adm\"><div id=\"q_97\" class=\"ajR h4\" data-tooltip=\"Sakrivanje pro\u0161irenog sadr\u017eaja\" aria-label=\"Sakrivanje pro\u0161irenog sadr\u017eaja\" aria-expanded=\"true\"><div class=\"ajT\">\u00a0<\/div><\/div><\/div><div class=\"im\"><table border=\"0\" width=\"100%\" cellspacing=\"0\" cellpadding=\"6\"><thead><tr><th scope=\"col\" align=\"left\"><span style=\"color: #000000;\">Produkt<\/span><\/th><th scope=\"col\" align=\"center\"><span style=\"color: #000000;\">Mno\u017estv\u00ed<\/span><\/th><th scope=\"col\" align=\"right\"><span style=\"color: #000000;\">Cena<\/span><\/th><\/tr><\/thead><\/table><p><span style=\"color: #000000;\">D\u011bkujeme za podporu!<\/span><\/p><p><span style=\"color: #000000;\">Va\u0161e platba byla zaregistrov\u00e1na<\/span><\/p><p style=\"text-align: justify;\"><span style=\"color: #000000;\">R\u00e1di bychom v\u00e1s informovali, \u017ee platba byla ofici\u00e1ln\u011b zaznamen\u00e1na na str\u00e1nce kampan\u011b.\u00a0<\/span><\/p><p style=\"text-align: justify;\"><span style=\"color: #000000;\"><strong>Digit\u00e1ln\u00ed pod\u011bkov\u00e1n\u00ed<\/strong><\/span><br \/><span style=\"color: #000000;\">Digit\u00e1ln\u00ed pod\u011bkov\u00e1n\u00ed si m\u016f\u017eete st\u00e1hnout\u00a0<a style=\"color: #000000;\" href=\"https:\/\/bonafidesinvest.eu\/cs\/digital-thank-you-cards\/?customize_changeset_uuid=c75dad4d-2a69-4b01-9395-da689ff3dd0d&amp;customize_autosaved=on&amp;customize_messenger_channel=preview-2\">zde<\/a>. Jakmile si st\u00e1hnete d\u011bkovn\u00fd dopis a nap\u00ed\u0161ete do n\u011bj jm\u00e9no, sd\u00edlejte ho na soci\u00e1ln\u00edch s\u00edt\u00edch se sv\u00fdmi p\u0159\u00e1teli, abyste je povzbudili k podpo\u0159e kampan\u011b.<\/span><\/p><p style=\"text-align: justify;\"><span style=\"color: #000000;\">POZN\u00c1MKA:<\/span><br \/><span style=\"color: #000000;\">Pro \u00fa\u010dely \u00fa\u010detnictv\u00ed podnikatelsk\u00fdch subjekt\u016f posta\u010d\u00ed bankovn\u00ed v\u00fdpis o platb\u011b a kopie tohoto e-mailu jako potvrzen\u00ed o p\u0159ijet\u00ed daru. D\u00e1rci si mohou dodate\u010dn\u011b st\u00e1hnout formul\u00e1\u0159 potvrzen\u00ed o daru pro podnikatelsk\u00e9 subjekty\u00a0<a style=\"color: #000000;\" href=\"https:\/\/bonafidesinvest.eu\/cs\/donation-confirmation-form-for-business-entities\/?customize_changeset_uuid=c75dad4d-2a69-4b01-9395-da689ff3dd0d&amp;customize_autosaved=on&amp;customize_messenger_channel=preview-2\">zde<\/a>\u00a0a vypl\u0148te ji osobn\u011b.<\/span><\/p><p style=\"text-align: justify;\"><span style=\"color: #000000;\">Ob\u010dan\u00e9 mohou z\u00edskat da\u0148ov\u00fd odpo\u010det stejn\u011b jako podniky. Pro tento \u00fa\u010del je nutn\u00e9 pou\u017e\u00edt v\u00fdpis z bankovn\u00edho \u00fa\u010dtu o proveden\u00e9 platb\u011b a kopii tohoto e-mailu jako potvrzen\u00ed o p\u0159ijet\u00ed daru. D\u00e1rci si mohou dodate\u010dn\u011b st\u00e1hnout formul\u00e1\u0159 potvrzen\u00ed o daru pro fyzick\u00e9 osoby\u00a0<a style=\"color: #000000;\" href=\"https:\/\/bonafidesinvest.eu\/cs\/donation-confirmation-form-for-natural-persons\/?customize_changeset_uuid=c75dad4d-2a69-4b01-9395-da689ff3dd0d&amp;customize_autosaved=on&amp;customize_messenger_channel=preview-2\">zde<\/a>\u00a0a vypl\u0148te ji osobn\u011b.<\/span><\/p><p><span style=\"color: #000000;\">Faktura\u010dn\u00ed adresa<\/span><\/p><p><span style=\"color: #000000;\">T\u011b\u0161\u00edme se na brzk\u00e9 vy\u0159\u00edzen\u00ed va\u0161\u00ed objedn\u00e1vky.<\/span><\/p><p><span style=\"color: #000000;\">\u010c\u00e1stka v chorvatsk\u00fdch kun\u00e1ch (kn) se z\u00edsk\u00e1 p\u0159epo\u010dtem ceny podle pevn\u00e9ho kurzu \u010cNB:<br \/>1 EUR = 7,53450 HRK<\/span><\/p><p><span style=\"color: #000000;\">Va\u0161e objedn\u00e1vka byla p\u0159ijata a nyn\u00ed se zpracov\u00e1v\u00e1. \u00dadaje o va\u0161\u00ed objedn\u00e1vce jsou uvedeny n\u00ed\u017ee pro va\u0161i informaci:<\/span><\/p><p><span style=\"color: #000000;\">D\u011bkujeme!<\/span><\/p><h2><span style=\"color: #000000;\">Vybran\u00e1 odm\u011bna<\/span><\/h2><ul><li><span style=\"color: #000000;\">\u010c\u00e1stka:\u00a0<u><\/u><\/span><\/li><li><span style=\"color: #000000;\">Dod\u00e1vka: ,<\/span><\/li><li><span style=\"color: #000000;\">Podrobnosti o odm\u011bn\u011b:\u00a0<\/span><\/li><\/ul><div><h3><span style=\"color: #000000;\">Dal\u0161\u00ed informace<\/span><\/h3><p><span style=\"color: #000000;\">Zvolte, zda si nep\u0159ejete odm\u011bnu spolu s darem: Ano<\/span><\/p><\/div><\/div><\/div>\t\t\t\t\t\t\t\t<\/div>\n\t\t\t\t<\/div>\n\t\t\t\t\t<\/div>\n\t\t<\/div>\n\t\t\t\t\t<\/div>\n\t\t<\/section>\n\t\t\t\t<\/div>","protected":false},"excerpt":{"rendered":"<p>Hello from Bona Fides Invest! Thanks for your order! Your order is on-hold until we confirm payment has been received. Your order details are shown below for your reference: Order [&hellip;]<\/p>\n","protected":false},"author":1,"featured_media":0,"parent":0,"menu_order":0,"comment_status":"closed","ping_status":"closed","template":"","meta":{"footnotes":""},"class_list":["post-7786","page","type-page","status-publish","hentry"],"wpcf_dashboard":"<div class=\"woocommerce\"><div class=\"woocommerce-info\">Please log in first? <a class=\"wpneoShowLogin\" href=\"#\">Click here to login<\/a><\/div><div class=\"wpneo_login_form_div\" style=\"display: none;\"><form name=\"loginform\" id=\"loginform\" action=\"https:\/\/bonafidesinvest.eu\/wp-login.php\" method=\"post\"><p class=\"login-username\">\n\t\t\t\t<label for=\"user_login\">U\u017eivatelsk\u00e9 jm\u00e9no nebo e-mail<\/label>\n\t\t\t\t<input type=\"text\" name=\"log\" id=\"user_login\" autocomplete=\"username\" class=\"input\" value=\"\" size=\"20\" \/>\n\t\t\t<\/p><p class=\"login-password\">\n\t\t\t\t<label for=\"user_pass\">Heslo<\/label>\n\t\t\t\t<input type=\"password\" name=\"pwd\" id=\"user_pass\" autocomplete=\"current-password\" spellcheck=\"false\" class=\"input\" value=\"\" size=\"20\" \/>\n\t\t\t<\/p><p class=\"login-remember\"><label><input name=\"rememberme\" type=\"checkbox\" id=\"rememberme\" value=\"forever\" \/> Pamatovat si m\u011b<\/label><\/p><p class=\"login-submit\">\n\t\t\t\t<input type=\"submit\" name=\"wp-submit\" id=\"wp-submit\" class=\"button button-primary\" value=\"P\u0159ihl\u00e1sit se\" \/>\n\t\t\t\t<input type=\"hidden\" name=\"redirect_to\" value=\"https:\/\/bonafidesinvest.eu\/cs\/wp-json\/wp\/v2\/pages\/7786\" \/>\n\t\t\t<\/p><\/form><\/div><\/div>","_links":{"self":[{"href":"https:\/\/bonafidesinvest.eu\/cs\/wp-json\/wp\/v2\/pages\/7786","targetHints":{"allow":["GET"]}}],"collection":[{"href":"https:\/\/bonafidesinvest.eu\/cs\/wp-json\/wp\/v2\/pages"}],"about":[{"href":"https:\/\/bonafidesinvest.eu\/cs\/wp-json\/wp\/v2\/types\/page"}],"author":[{"embeddable":true,"href":"https:\/\/bonafidesinvest.eu\/cs\/wp-json\/wp\/v2\/users\/1"}],"replies":[{"embeddable":true,"href":"https:\/\/bonafidesinvest.eu\/cs\/wp-json\/wp\/v2\/comments?post=7786"}],"version-history":[{"count":0,"href":"https:\/\/bonafidesinvest.eu\/cs\/wp-json\/wp\/v2\/pages\/7786\/revisions"}],"wp:attachment":[{"href":"https:\/\/bonafidesinvest.eu\/cs\/wp-json\/wp\/v2\/media?parent=7786"}],"curies":[{"name":"wp","href":"https:\/\/api.w.org\/{rel}","templated":true}]}}