{"id":4855,"date":"2023-07-28T17:06:13","date_gmt":"2023-07-28T15:06:13","guid":{"rendered":"https:\/\/bonafidesinvest.eu\/?page_id=4855"},"modified":"2023-07-29T00:08:32","modified_gmt":"2023-07-28T22:08:32","slug":"supported-countries","status":"publish","type":"page","link":"https:\/\/bonafidesinvest.eu\/cs\/supported-countries\/","title":{"rendered":"Podporovan\u00e9 zem\u011b"},"content":{"rendered":"<div data-elementor-type=\"wp-page\" data-elementor-id=\"4855\" class=\"elementor elementor-4855\">\n\t\t\t\t\t\t<section class=\"elementor-section elementor-top-section elementor-element elementor-element-25ef317 elementor-section-boxed elementor-section-height-default elementor-section-height-default\" data-id=\"25ef317\" data-element_type=\"section\" data-e-type=\"section\" data-settings=\"{&quot;background_background&quot;:&quot;classic&quot;}\">\n\t\t\t\t\t\t<div class=\"elementor-container elementor-column-gap-default\">\n\t\t\t\t\t<div class=\"elementor-column elementor-col-100 elementor-top-column elementor-element elementor-element-72f9017\" data-id=\"72f9017\" data-element_type=\"column\" data-e-type=\"column\">\n\t\t\t<div class=\"elementor-widget-wrap elementor-element-populated\">\n\t\t\t\t\t\t<div class=\"elementor-element elementor-element-05bda9c elementor-widget elementor-widget-gva-heading-block\" data-id=\"05bda9c\" data-element_type=\"widget\" data-e-type=\"widget\" data-widget_type=\"gva-heading-block.default\">\n\t\t\t\t<div class=\"elementor-widget-container\">\n\t\t\t\t\t<div class=\"gva-element-gva-heading-block gva-element\">   <div class=\"align-center style-1 widget gsc-heading box-align-center auto-responsive\">\r\n      <div class=\"content-inner\">\r\n         \r\n         \r\n                     <div class=\"sub-title\">\r\n               <span class=\"tagline\">Glob\u00e1ln\u00ed fintech spole\u010dnost<\/span>\r\n                                 <span class=\"shadow-text\">Celosv\u011btov\u011b<\/span>\r\n                  \r\n            <\/div>\r\n           \r\n         \r\n                     <h2 class=\"title\">\r\n               <span>Podporovan\u00e9 zem\u011b<\/span>\r\n            <\/h2>\r\n                              <div class=\"title-desc\">P\u016fsob\u00edme na v\u0161ech kontinentech ve 196 zem\u00edch. Na\u0161e crowdfundingov\u00e1 platforma v\u00edt\u00e1 kreativn\u00ed mozky ze v\u0161ech kout\u016f sv\u011bta a umo\u017e\u0148uje podporovan\u00fdm zem\u00edm p\u0159ipojit se k nezastaviteln\u00e9 cest\u011b prom\u011bny viz\u00ed ve skute\u010dnost!<\/div>\r\n         \r\n         \r\n      <\/div>\r\n   <\/div>\r\n<\/div>\t\t\t\t<\/div>\n\t\t\t\t<\/div>\n\t\t\t\t<div class=\"elementor-element elementor-element-1cb03d8 elementor-widget elementor-widget-toggle\" data-id=\"1cb03d8\" data-element_type=\"widget\" data-e-type=\"widget\" data-widget_type=\"toggle.default\">\n\t\t\t\t<div class=\"elementor-widget-container\">\n\t\t\t\t\t\t\t<div class=\"elementor-toggle\">\n\t\t\t\t\t\t\t<div class=\"elementor-toggle-item\">\n\t\t\t\t\t<div id=\"elementor-tab-title-3001\" class=\"elementor-tab-title\" data-tab=\"1\" role=\"button\" aria-controls=\"elementor-tab-content-3001\" aria-expanded=\"false\">\n\t\t\t\t\t\t\t\t\t\t\t\t<span class=\"elementor-toggle-icon elementor-toggle-icon-left\" aria-hidden=\"true\">\n\t\t\t\t\t\t\t\t\t\t\t\t\t\t\t<span class=\"elementor-toggle-icon-closed\"><i class=\"fas fa-caret-right\"><\/i><\/span>\n\t\t\t\t\t\t\t\t<span class=\"elementor-toggle-icon-opened\"><i class=\"elementor-toggle-icon-opened fas fa-caret-up\"><\/i><\/span>\n\t\t\t\t\t\t\t\t\t\t\t\t\t<\/span>\n\t\t\t\t\t\t\t\t\t\t\t\t<a class=\"elementor-toggle-title\" tabindex=\"0\">Afrika<\/a>\n\t\t\t\t\t<\/div>\n\n\t\t\t\t\t<div id=\"elementor-tab-content-3001\" class=\"elementor-tab-content elementor-clearfix\" data-tab=\"1\" role=\"region\" aria-labelledby=\"elementor-tab-title-3001\"><p style=\"text-align: justify;\">Al\u017e\u00edrsko, Angola, Benin, Botswana, Burkina Faso, Burundi, Kamerun, St\u0159edoafrick\u00e1 republika, \u010cad, Komory, Demokratick\u00e1 republika Kongo, D\u017eibuti, Egypt, Rovn\u00edkov\u00e1 Guinea, Eritrea, Eswatini (d\u0159\u00edve Svazijsko), Etiopie, Gabon, Gambie, Ghana, Guinea, Guinea-Bissau, Pob\u0159e\u017e\u00ed slonoviny (Pob\u0159e\u017e\u00ed slonoviny), Ke\u0148a, Lesotho, Lib\u00e9rie, Libye, Madagaskar, Malawi, Mali, Mauret\u00e1nie, Mauricius, Maroko, Mosambik, Namibie, Niger, Nig\u00e9rie, Kon\u017esk\u00e1 republika (Kongo-Brazzaville), Rwanda, Svat\u00fd Tom\u00e1\u0161 a Princ\u016fv ostrov, Senegal, Seychely, Sierra Leone, Som\u00e1lsko, Jihoafrick\u00e1 republika, Ji\u017en\u00ed S\u00fad\u00e1n, S\u00fad\u00e1n, Tanzanie, Togo, Tunisko, Uganda, Zambie a Zimbabwe.<\/p><\/div>\n\t\t\t\t<\/div>\n\t\t\t\t\t\t\t<div class=\"elementor-toggle-item\">\n\t\t\t\t\t<div id=\"elementor-tab-title-3002\" class=\"elementor-tab-title\" data-tab=\"2\" role=\"button\" aria-controls=\"elementor-tab-content-3002\" aria-expanded=\"false\">\n\t\t\t\t\t\t\t\t\t\t\t\t<span class=\"elementor-toggle-icon elementor-toggle-icon-left\" aria-hidden=\"true\">\n\t\t\t\t\t\t\t\t\t\t\t\t\t\t\t<span class=\"elementor-toggle-icon-closed\"><i class=\"fas fa-caret-right\"><\/i><\/span>\n\t\t\t\t\t\t\t\t<span class=\"elementor-toggle-icon-opened\"><i class=\"elementor-toggle-icon-opened fas fa-caret-up\"><\/i><\/span>\n\t\t\t\t\t\t\t\t\t\t\t\t\t<\/span>\n\t\t\t\t\t\t\t\t\t\t\t\t<a class=\"elementor-toggle-title\" tabindex=\"0\">Asia<\/a>\n\t\t\t\t\t<\/div>\n\n\t\t\t\t\t<div id=\"elementor-tab-content-3002\" class=\"elementor-tab-content elementor-clearfix\" data-tab=\"2\" role=\"region\" aria-labelledby=\"elementor-tab-title-3002\"><p style=\"text-align: justify;\">Afgh\u00e1nist\u00e1n, Bahrajn, Banglad\u00e9\u0161, Bh\u00fat\u00e1n, Brunej, \u010c\u00edna, Indie, Indon\u00e9sie, \u00cdr\u00e1n, Ir\u00e1k, Izrael, Japonsko, Jord\u00e1nsko, Kambod\u017ea, Kazachst\u00e1n, Kuvajt, Kyrgyzst\u00e1n, Laos, Libanon, Malajsie, Maledivy, Mongolsko, Myanmar (Barma), Nep\u00e1l, Severn\u00ed Korea, Om\u00e1n, P\u00e1kist\u00e1n, Palestina, Filip\u00edny, Katar, Sa\u00fadsk\u00e1 Ar\u00e1bie, Singapur, Ji\u017en\u00ed Korea, Sr\u00ed Lanka, S\u00fdrie, T\u00e1d\u017eikist\u00e1n, Thajsko, V\u00fdchodn\u00ed Timor, Turecko, Turkmenist\u00e1n, Spojen\u00e9 arabsk\u00e9 emir\u00e1ty (SAE), Uzbekist\u00e1n, Vietnam a Jemen.<\/p><\/div>\n\t\t\t\t<\/div>\n\t\t\t\t\t\t\t<div class=\"elementor-toggle-item\">\n\t\t\t\t\t<div id=\"elementor-tab-title-3003\" class=\"elementor-tab-title\" data-tab=\"3\" role=\"button\" aria-controls=\"elementor-tab-content-3003\" aria-expanded=\"false\">\n\t\t\t\t\t\t\t\t\t\t\t\t<span class=\"elementor-toggle-icon elementor-toggle-icon-left\" aria-hidden=\"true\">\n\t\t\t\t\t\t\t\t\t\t\t\t\t\t\t<span class=\"elementor-toggle-icon-closed\"><i class=\"fas fa-caret-right\"><\/i><\/span>\n\t\t\t\t\t\t\t\t<span class=\"elementor-toggle-icon-opened\"><i class=\"elementor-toggle-icon-opened fas fa-caret-up\"><\/i><\/span>\n\t\t\t\t\t\t\t\t\t\t\t\t\t<\/span>\n\t\t\t\t\t\t\t\t\t\t\t\t<a class=\"elementor-toggle-title\" tabindex=\"0\">Austr\u00e1lie a Oce\u00e1nie<\/a>\n\t\t\t\t\t<\/div>\n\n\t\t\t\t\t<div id=\"elementor-tab-content-3003\" class=\"elementor-tab-content elementor-clearfix\" data-tab=\"3\" role=\"region\" aria-labelledby=\"elementor-tab-title-3003\"><p style=\"text-align: justify;\">Austr\u00e1lie, Federativn\u00ed st\u00e1ty Mikron\u00e9sie, Fid\u017ei, Kiribati, Marshallovy ostrovy, Nauru, Nov\u00fd Z\u00e9land, Palau, Papua-Nov\u00e1 Guinea, Samoa, \u0160alamounovy ostrovy, Tonga, Tuvalu a Vanuatu.<\/p><\/div>\n\t\t\t\t<\/div>\n\t\t\t\t\t\t\t<div class=\"elementor-toggle-item\">\n\t\t\t\t\t<div id=\"elementor-tab-title-3004\" class=\"elementor-tab-title\" data-tab=\"4\" role=\"button\" aria-controls=\"elementor-tab-content-3004\" aria-expanded=\"false\">\n\t\t\t\t\t\t\t\t\t\t\t\t<span class=\"elementor-toggle-icon elementor-toggle-icon-left\" aria-hidden=\"true\">\n\t\t\t\t\t\t\t\t\t\t\t\t\t\t\t<span class=\"elementor-toggle-icon-closed\"><i class=\"fas fa-caret-right\"><\/i><\/span>\n\t\t\t\t\t\t\t\t<span class=\"elementor-toggle-icon-opened\"><i class=\"elementor-toggle-icon-opened fas fa-caret-up\"><\/i><\/span>\n\t\t\t\t\t\t\t\t\t\t\t\t\t<\/span>\n\t\t\t\t\t\t\t\t\t\t\t\t<a class=\"elementor-toggle-title\" tabindex=\"0\">Evropa<\/a>\n\t\t\t\t\t<\/div>\n\n\t\t\t\t\t<div id=\"elementor-tab-content-3004\" class=\"elementor-tab-content elementor-clearfix\" data-tab=\"4\" role=\"region\" aria-labelledby=\"elementor-tab-title-3004\"><p style=\"text-align: justify;\">Alb\u00e1nie, Andorra, Arm\u00e9nie, Rakousko, \u00c1zerb\u00e1jd\u017e\u00e1n, B\u011blorusko, Belgie, Bosna a Hercegovina, Bulharsko, Chorvatsko, Kypr, \u010cesk\u00e1 republika, D\u00e1nsko, Estonsko, Finsko, Francie, Gruzie, N\u011bmecko, \u0158ecko, Ma\u010farsko, Island, Irsko, It\u00e1lie, Kosovo, Loty\u0161sko, Lichten\u0161tejnsko, Litva, Lucembursko, Malta, Moldavsko, Monako, \u010cern\u00e1 Hora, Nizozemsko, Severn\u00ed Makedonie, Norsko, Polsko, Portugalsko, Rumunsko, Rusko, San Marino, Srbsko, Slovensko, Slovinsko, \u0160pan\u011blsko, \u0160v\u00e9dsko, \u0160v\u00fdcarsko, Ukrajina, Spojen\u00e9 kr\u00e1lovstv\u00ed a Vatik\u00e1n.<\/p><\/div>\n\t\t\t\t<\/div>\n\t\t\t\t\t\t\t<div class=\"elementor-toggle-item\">\n\t\t\t\t\t<div id=\"elementor-tab-title-3005\" class=\"elementor-tab-title\" data-tab=\"5\" role=\"button\" aria-controls=\"elementor-tab-content-3005\" aria-expanded=\"false\">\n\t\t\t\t\t\t\t\t\t\t\t\t<span class=\"elementor-toggle-icon elementor-toggle-icon-left\" aria-hidden=\"true\">\n\t\t\t\t\t\t\t\t\t\t\t\t\t\t\t<span class=\"elementor-toggle-icon-closed\"><i class=\"fas fa-caret-right\"><\/i><\/span>\n\t\t\t\t\t\t\t\t<span class=\"elementor-toggle-icon-opened\"><i class=\"elementor-toggle-icon-opened fas fa-caret-up\"><\/i><\/span>\n\t\t\t\t\t\t\t\t\t\t\t\t\t<\/span>\n\t\t\t\t\t\t\t\t\t\t\t\t<a class=\"elementor-toggle-title\" tabindex=\"0\">Severn\u00ed Amerika<\/a>\n\t\t\t\t\t<\/div>\n\n\t\t\t\t\t<div id=\"elementor-tab-content-3005\" class=\"elementor-tab-content elementor-clearfix\" data-tab=\"5\" role=\"region\" aria-labelledby=\"elementor-tab-title-3005\"><p style=\"text-align: justify;\">Antigua a Barbuda, Bahamy, Barbados, Belize, Kanada, Kostarika, Kuba, Dominika, Dominik\u00e1nsk\u00e1 republika, Salvador, Grenada, Guatemala, Haiti, Honduras, Jamajka, Mexiko, Nikaragua, Panama, Svat\u00fd Kry\u0161tof a Nevis, Svat\u00e1 Lucie, Svat\u00fd Vincenc a Grenadiny, Trinidad a Tobago a Spojen\u00e9 st\u00e1ty americk\u00e9.<\/p><\/div>\n\t\t\t\t<\/div>\n\t\t\t\t\t\t\t<div class=\"elementor-toggle-item\">\n\t\t\t\t\t<div id=\"elementor-tab-title-3006\" class=\"elementor-tab-title\" data-tab=\"6\" role=\"button\" aria-controls=\"elementor-tab-content-3006\" aria-expanded=\"false\">\n\t\t\t\t\t\t\t\t\t\t\t\t<span class=\"elementor-toggle-icon elementor-toggle-icon-left\" aria-hidden=\"true\">\n\t\t\t\t\t\t\t\t\t\t\t\t\t\t\t<span class=\"elementor-toggle-icon-closed\"><i class=\"fas fa-caret-right\"><\/i><\/span>\n\t\t\t\t\t\t\t\t<span class=\"elementor-toggle-icon-opened\"><i class=\"elementor-toggle-icon-opened fas fa-caret-up\"><\/i><\/span>\n\t\t\t\t\t\t\t\t\t\t\t\t\t<\/span>\n\t\t\t\t\t\t\t\t\t\t\t\t<a class=\"elementor-toggle-title\" tabindex=\"0\">Ji\u017en\u00ed Amerika<\/a>\n\t\t\t\t\t<\/div>\n\n\t\t\t\t\t<div id=\"elementor-tab-content-3006\" class=\"elementor-tab-content elementor-clearfix\" data-tab=\"6\" role=\"region\" aria-labelledby=\"elementor-tab-title-3006\"><p style=\"text-align: justify;\">Argentina, Bol\u00edvie, Braz\u00edlie, Chile, Kolumbie, Ekv\u00e1dor, Guyana, Paraguay, Peru, Surinam, Uruguay a Venezuela.<\/p><\/div>\n\t\t\t\t<\/div>\n\t\t\t\t\t\t\t\t<\/div>\n\t\t\t\t\t\t<\/div>\n\t\t\t\t<\/div>\n\t\t\t\t\t<\/div>\n\t\t<\/div>\n\t\t\t\t\t<\/div>\n\t\t<\/section>\n\t\t\t\t<section class=\"elementor-section elementor-top-section elementor-element elementor-element-90fd23b elementor-section-boxed elementor-section-height-default elementor-section-height-default\" data-id=\"90fd23b\" data-element_type=\"section\" data-e-type=\"section\" data-settings=\"{&quot;background_background&quot;:&quot;classic&quot;}\">\n\t\t\t\t\t\t<div class=\"elementor-container elementor-column-gap-default\">\n\t\t\t\t\t<div class=\"elementor-column elementor-col-50 elementor-top-column elementor-element elementor-element-ceb8685\" data-id=\"ceb8685\" data-element_type=\"column\" data-e-type=\"column\">\n\t\t\t<div class=\"elementor-widget-wrap elementor-element-populated\">\n\t\t\t\t\t\t<div class=\"elementor-element elementor-element-e00b377 elementor-widget elementor-widget-gva-heading-block\" data-id=\"e00b377\" data-element_type=\"widget\" data-e-type=\"widget\" data-widget_type=\"gva-heading-block.default\">\n\t\t\t\t<div class=\"elementor-widget-container\">\n\t\t\t\t\t<div class=\"gva-element-gva-heading-block gva-element\">   <div class=\"align-left style-1 widget gsc-heading box-align-left auto-responsive\">\r\n      <div class=\"content-inner\">\r\n         \r\n         \r\n                     <div class=\"sub-title\">\r\n               <span class=\"tagline\">Unik\u00e1tn\u00ed metodika crowdfundingu jako otisk prstu<\/span>\r\n                                 <span class=\"shadow-text\">V\u00fdrazn\u00e9<\/span>\r\n                  \r\n            <\/div>\r\n           \r\n         \r\n                     <h2 class=\"title\">\r\n               <span>Pokud va\u0161e zem\u011b nen\u00ed na seznamu uvedena, kontaktujte n\u00e1s pro v\u00edce informac\u00ed.<\/span>\r\n            <\/h2>\r\n                  \r\n                     <div class=\"heading-action\">\r\n               \t\t  <a href=\"https:\/\/bonafidesinvest.eu\/cs\/kontakt\/\" class=\"btn-cta btn-theme\">\r\n\t\t\t <span>Bona Fides Invest, kde miz\u00ed hranice a sny se spojuj\u00ed!<\/span>\r\n\t\t  <\/a>\r\n\r\n\t\t              <\/div>\r\n         \r\n      <\/div>\r\n   <\/div>\r\n<\/div>\t\t\t\t<\/div>\n\t\t\t\t<\/div>\n\t\t\t\t\t<\/div>\n\t\t<\/div>\n\t\t\t\t<div class=\"elementor-column elementor-col-50 elementor-top-column elementor-element elementor-element-ea202f8\" data-id=\"ea202f8\" data-element_type=\"column\" data-e-type=\"column\">\n\t\t\t<div class=\"elementor-widget-wrap elementor-element-populated\">\n\t\t\t\t\t\t<div class=\"elementor-element elementor-element-6f01dac elementor-widget__width-auto elementor-widget elementor-widget-html\" data-id=\"6f01dac\" data-element_type=\"widget\" data-e-type=\"widget\" data-widget_type=\"html.default\">\n\t\t\t\t<div class=\"elementor-widget-container\">\n\t\t\t\t\t<a class=\"btn-border-white\" href=\"https:\/\/bonafidesinvest.eu\/cs\/kontakt\/\">\n    Kontaktujte n\u00e1s\n<\/a>\t\t\t\t<\/div>\n\t\t\t\t<\/div>\n\t\t\t\t\t<\/div>\n\t\t<\/div>\n\t\t\t\t\t<\/div>\n\t\t<\/section>\n\t\t\t\t<\/div>","protected":false},"excerpt":{"rendered":"<p>Global Fintech Company Worldwide Supported Countries We operate on all continents in 196 countries. Our crowdfunding platform welcomes creative minds from every corner of the globe, empowering supported countries to [&hellip;]<\/p>\n","protected":false},"author":1,"featured_media":0,"parent":0,"menu_order":0,"comment_status":"closed","ping_status":"closed","template":"","meta":{"footnotes":""},"class_list":["post-4855","page","type-page","status-publish","hentry"],"wpcf_dashboard":"<div class=\"woocommerce\"><div class=\"woocommerce-info\">Please log in first? <a class=\"wpneoShowLogin\" href=\"#\">Click here to login<\/a><\/div><div class=\"wpneo_login_form_div\" style=\"display: none;\"><form name=\"loginform\" id=\"loginform\" action=\"https:\/\/bonafidesinvest.eu\/wp-login.php\" method=\"post\"><p class=\"login-username\">\n\t\t\t\t<label for=\"user_login\">U\u017eivatelsk\u00e9 jm\u00e9no nebo e-mail<\/label>\n\t\t\t\t<input type=\"text\" name=\"log\" id=\"user_login\" autocomplete=\"username\" class=\"input\" value=\"\" size=\"20\" \/>\n\t\t\t<\/p><p class=\"login-password\">\n\t\t\t\t<label for=\"user_pass\">Heslo<\/label>\n\t\t\t\t<input type=\"password\" name=\"pwd\" id=\"user_pass\" autocomplete=\"current-password\" spellcheck=\"false\" class=\"input\" value=\"\" size=\"20\" \/>\n\t\t\t<\/p><p class=\"login-remember\"><label><input name=\"rememberme\" type=\"checkbox\" id=\"rememberme\" value=\"forever\" \/> Pamatovat si m\u011b<\/label><\/p><p class=\"login-submit\">\n\t\t\t\t<input type=\"submit\" name=\"wp-submit\" id=\"wp-submit\" class=\"button button-primary\" value=\"P\u0159ihl\u00e1sit se\" \/>\n\t\t\t\t<input type=\"hidden\" name=\"redirect_to\" value=\"https:\/\/bonafidesinvest.eu\/cs\/wp-json\/wp\/v2\/pages\/4855\" \/>\n\t\t\t<\/p><\/form><\/div><\/div>","_links":{"self":[{"href":"https:\/\/bonafidesinvest.eu\/cs\/wp-json\/wp\/v2\/pages\/4855","targetHints":{"allow":["GET"]}}],"collection":[{"href":"https:\/\/bonafidesinvest.eu\/cs\/wp-json\/wp\/v2\/pages"}],"about":[{"href":"https:\/\/bonafidesinvest.eu\/cs\/wp-json\/wp\/v2\/types\/page"}],"author":[{"embeddable":true,"href":"https:\/\/bonafidesinvest.eu\/cs\/wp-json\/wp\/v2\/users\/1"}],"replies":[{"embeddable":true,"href":"https:\/\/bonafidesinvest.eu\/cs\/wp-json\/wp\/v2\/comments?post=4855"}],"version-history":[{"count":0,"href":"https:\/\/bonafidesinvest.eu\/cs\/wp-json\/wp\/v2\/pages\/4855\/revisions"}],"wp:attachment":[{"href":"https:\/\/bonafidesinvest.eu\/cs\/wp-json\/wp\/v2\/media?parent=4855"}],"curies":[{"name":"wp","href":"https:\/\/api.w.org\/{rel}","templated":true}]}}