{"id":3166,"date":"2023-05-01T20:49:12","date_gmt":"2023-05-01T18:49:12","guid":{"rendered":"https:\/\/bonafidesinvest.eu\/?page_id=3166"},"modified":"2023-05-03T01:58:49","modified_gmt":"2023-05-02T23:58:49","slug":"our-history","status":"publish","type":"page","link":"https:\/\/bonafidesinvest.eu\/cs\/our-history\/","title":{"rendered":"Na\u0161e historie"},"content":{"rendered":"<div data-elementor-type=\"wp-page\" data-elementor-id=\"3166\" class=\"elementor elementor-3166\">\n\t\t\t\t\t\t<section class=\"elementor-section elementor-top-section elementor-element elementor-element-a0edce4 elementor-section-boxed elementor-section-height-default elementor-section-height-default\" data-id=\"a0edce4\" data-element_type=\"section\" data-e-type=\"section\" data-settings=\"{&quot;background_background&quot;:&quot;classic&quot;}\">\n\t\t\t\t\t\t<div class=\"elementor-container elementor-column-gap-default\">\n\t\t\t\t\t<div class=\"elementor-column elementor-col-100 elementor-top-column elementor-element elementor-element-409b7d9\" data-id=\"409b7d9\" data-element_type=\"column\" data-e-type=\"column\">\n\t\t\t<div class=\"elementor-widget-wrap elementor-element-populated\">\n\t\t\t\t\t\t<div class=\"elementor-element elementor-element-7c6fef3 elementor-widget elementor-widget-gva-heading-block\" data-id=\"7c6fef3\" data-element_type=\"widget\" data-e-type=\"widget\" data-widget_type=\"gva-heading-block.default\">\n\t\t\t\t<div class=\"elementor-widget-container\">\n\t\t\t\t\t<div class=\"gva-element-gva-heading-block gva-element\">   <div class=\"align-center style-1 widget gsc-heading box-align-left auto-responsive\">\r\n      <div class=\"content-inner\">\r\n         \r\n         \r\n                     <div class=\"sub-title\">\r\n               <span class=\"tagline\">Bohat\u00e9 zku\u0161enosti<\/span>\r\n                                 <span class=\"shadow-text\">Tradice<\/span>\r\n                  \r\n            <\/div>\r\n           \r\n         \r\n                     <h2 class=\"title\">\r\n               <span>Na\u0161e historie<\/span>\r\n            <\/h2>\r\n                  \r\n         \r\n      <\/div>\r\n   <\/div>\r\n<\/div>\t\t\t\t<\/div>\n\t\t\t\t<\/div>\n\t\t\t\t<div class=\"elementor-element elementor-element-cb77d5e elementor-widget elementor-widget-text-editor\" data-id=\"cb77d5e\" data-element_type=\"widget\" data-e-type=\"widget\" data-widget_type=\"text-editor.default\">\n\t\t\t\t<div class=\"elementor-widget-container\">\n\t\t\t\t\t\t\t\t\t<p style=\"text-align: center;\"><span style=\"color: #333333;\">V\u00edce ne\u017e deset let investi\u010dn\u00ed moudrosti<\/span><\/p>\t\t\t\t\t\t\t\t<\/div>\n\t\t\t\t<\/div>\n\t\t\t\t\t<\/div>\n\t\t<\/div>\n\t\t\t\t\t<\/div>\n\t\t<\/section>\n\t\t\t\t<section class=\"elementor-section elementor-top-section elementor-element elementor-element-9dfae93 elementor-section-boxed elementor-section-height-default elementor-section-height-default\" data-id=\"9dfae93\" data-element_type=\"section\" data-e-type=\"section\">\n\t\t\t\t\t\t<div class=\"elementor-container elementor-column-gap-default\">\n\t\t\t\t\t<div class=\"elementor-column elementor-col-100 elementor-top-column elementor-element elementor-element-8451a3b\" data-id=\"8451a3b\" data-element_type=\"column\" data-e-type=\"column\">\n\t\t\t<div class=\"elementor-widget-wrap elementor-element-populated\">\n\t\t\t\t\t\t<div class=\"elementor-element elementor-element-aeaff9d elementor-widget elementor-widget-be-timeline\" data-id=\"aeaff9d\" data-element_type=\"widget\" data-e-type=\"widget\" data-widget_type=\"be-timeline.default\">\n\t\t\t\t<div class=\"elementor-widget-container\">\n\t\t\t\t\t<ul class=\"be-pack timeline\"><li class=\"timeline-inverted\"> \n\t\t\t<div class=\"tl-circ\"><\/div>\n\t\t <div class=\"timeline-panel\">\n\t\t   <div class=\"tl-heading\">\n\t\t\t <div class=\"tl-content\">\n\n\t\t\t    \n\t\t\t\t\t\t\n\t\t\t\t\t\t<div class=\"be-desc\">\n\t\t\t\t\t\t\t<h2 class=\"be-title\">\u0159\u00edjen 2012 - CEDIOR<\/h2>\t\t\t\t\t\t\t<div class=\"be-content\"><p>Nadace Centra pro soci\u00e1ln\u00ed inovace a udr\u017eiteln\u00fd rozvoj (CEDIOR)<\/p><\/div>\t\t\t\t\t\t<\/div>\n\n\t\t\t\t\t\n\t\t\t\t<\/div>\n\n\t\t\t<\/div>\n\t\t<\/div>\n\t\t\t<\/li>\n\t\t\t<li class=\"timeline-right\"> \n\t\t\t<div class=\"tl-circ\"><\/div>\n\t\t <div class=\"timeline-panel\">\n\t\t   <div class=\"tl-heading\">\n\t\t\t <div class=\"tl-content\">\n\n\t\t\t    \n\t\t\t\t\t\t\n\t\t\t\t\t\t<div class=\"be-desc\">\n\t\t\t\t\t\t\t<h2 class=\"be-title\">\u010derven 2014 - CROINVEST.EU<\/h2>\t\t\t\t\t\t\t<div class=\"be-content\"><p>Zalo\u017een\u00ed crowdfundingov\u00e9 platformy Croinvest.eu<\/p><\/div>\t\t\t\t\t\t<\/div>\n\n\t\t\t\t\t\n\t\t\t\t<\/div>\n\n\t\t\t<\/div>\n\t\t<\/div>\n\t\t\t<\/li>\n\t\t\t<li class=\"timeline-inverted\"> \n\t\t\t<div class=\"tl-circ\"><\/div>\n\t\t <div class=\"timeline-panel\">\n\t\t   <div class=\"tl-heading\">\n\t\t\t <div class=\"tl-content\">\n\n\t\t\t    \n\t\t\t\t\t\t\n\t\t\t\t\t\t<div class=\"be-desc\">\n\t\t\t\t\t\t\t<h2 class=\"be-title\">listopad 2014 - AWARD<\/h2>\t\t\t\t\t\t\t<div class=\"be-content\"><p>Ocen\u011bn\u00ed Pr\u00e1vnick\u00e9 fakulty v Z\u00e1h\u0159ebu za prvn\u00ed pr\u00e1vn\u00ed v\u00fdklad crowdfundingu<\/p><\/div>\t\t\t\t\t\t<\/div>\n\n\t\t\t\t\t\n\t\t\t\t<\/div>\n\n\t\t\t<\/div>\n\t\t<\/div>\n\t\t\t<\/li>\n\t\t\t<li class=\"timeline-right\"> \n\t\t\t<div class=\"tl-circ\"><\/div>\n\t\t <div class=\"timeline-panel\">\n\t\t   <div class=\"tl-heading\">\n\t\t\t <div class=\"tl-content\">\n\n\t\t\t    \n\t\t\t\t\t\t\n\t\t\t\t\t\t<div class=\"be-desc\">\n\t\t\t\t\t\t\t<h2 class=\"be-title\">\u010derven 2015 - Partnerstv\u00ed s REGEA<\/h2>\t\t\t\t\t\t\t<div class=\"be-content\"><p>Partnerstv\u00ed se spole\u010dnost\u00ed REGEA p\u0159i v\u00fdvoji crowdfundingov\u00e9 platformy Croenergy.eu<\/p><\/div>\t\t\t\t\t\t<\/div>\n\n\t\t\t\t\t\n\t\t\t\t<\/div>\n\n\t\t\t<\/div>\n\t\t<\/div>\n\t\t\t<\/li>\n\t\t\t<li class=\"timeline-inverted\"> \n\t\t\t<div class=\"tl-circ\"><\/div>\n\t\t <div class=\"timeline-panel\">\n\t\t   <div class=\"tl-heading\">\n\t\t\t <div class=\"tl-content\">\n\n\t\t\t    \n\t\t\t\t\t\t\n\t\t\t\t\t\t<div class=\"be-desc\">\n\t\t\t\t\t\t\t<h2 class=\"be-title\">leden 2016 - Registr humanit\u00e1rn\u00ed pomoci<\/h2>\t\t\t\t\t\t\t<div class=\"be-content\"><p>Vytvo\u0159en\u00ed pr\u00e1vn\u00edho a IT \u0159e\u0161en\u00ed prost\u0159ednictv\u00edm crowdfundingu k \u0159e\u0161en\u00ed probl\u00e9m\u016f syst\u00e9mu humanit\u00e1rn\u00ed pomoci<\/p><\/div>\t\t\t\t\t\t<\/div>\n\n\t\t\t\t\t\n\t\t\t\t<\/div>\n\n\t\t\t<\/div>\n\t\t<\/div>\n\t\t\t<\/li>\n\t\t\t<li class=\"timeline-right\"> \n\t\t\t<div class=\"tl-circ\"><\/div>\n\t\t <div class=\"timeline-panel\">\n\t\t   <div class=\"tl-heading\">\n\t\t\t <div class=\"tl-content\">\n\n\t\t\t    \n\t\t\t\t\t\t\n\t\t\t\t\t\t<div class=\"be-desc\">\n\t\t\t\t\t\t\t<h2 class=\"be-title\">prosinec 2018 - \u0160kola crowdfundingu<\/h2>\t\t\t\t\t\t\t<div class=\"be-content\"><p>Zalo\u017een\u00ed \u0161koly crowdfundingu s diverzifikovan\u00fdmi programy<\/p><\/div>\t\t\t\t\t\t<\/div>\n\n\t\t\t\t\t\n\t\t\t\t<\/div>\n\n\t\t\t<\/div>\n\t\t<\/div>\n\t\t\t<\/li>\n\t\t\t<li class=\"timeline-inverted\"> \n\t\t\t<div class=\"tl-circ\"><\/div>\n\t\t <div class=\"timeline-panel\">\n\t\t   <div class=\"tl-heading\">\n\t\t\t <div class=\"tl-content\">\n\n\t\t\t    \n\t\t\t\t\t\t\n\t\t\t\t\t\t<div class=\"be-desc\">\n\t\t\t\t\t\t\t<h2 class=\"be-title\">Kv\u011bten 2019 - CERTIFIK\u00c1T KVALITY<\/h2>\t\t\t\t\t\t\t<div class=\"be-content\"><p>Certifik\u00e1t kvality CrowdStream pro pr\u00e1ci s crowdfundingem<\/p><\/div>\t\t\t\t\t\t<\/div>\n\n\t\t\t\t\t\n\t\t\t\t<\/div>\n\n\t\t\t<\/div>\n\t\t<\/div>\n\t\t\t<\/li>\n\t\t\t<li class=\"timeline-right\"> \n\t\t\t<div class=\"tl-circ\"><\/div>\n\t\t <div class=\"timeline-panel\">\n\t\t   <div class=\"tl-heading\">\n\t\t\t <div class=\"tl-content\">\n\n\t\t\t    \n\t\t\t\t\t\t\n\t\t\t\t\t\t<div class=\"be-desc\">\n\t\t\t\t\t\t\t<h2 class=\"be-title\">\u0159\u00edjen 2019 - ICFC<\/h2>\t\t\t\t\t\t\t<div class=\"be-content\"><p>Nadace Mezin\u00e1rodn\u00edho centra pro crowdfunding (ICFC)<\/p><\/div>\t\t\t\t\t\t<\/div>\n\n\t\t\t\t\t\n\t\t\t\t<\/div>\n\n\t\t\t<\/div>\n\t\t<\/div>\n\t\t\t<\/li>\n\t\t\t<li class=\"timeline-inverted\"> \n\t\t\t<div class=\"tl-circ\"><\/div>\n\t\t <div class=\"timeline-panel\">\n\t\t   <div class=\"tl-heading\">\n\t\t\t <div class=\"tl-content\">\n\n\t\t\t    \n\t\t\t\t\t\t\n\t\t\t\t\t\t<div class=\"be-desc\">\n\t\t\t\t\t\t\t<h2 class=\"be-title\">leden 2020 - EKONOMIKA FRANCESCA<\/h2>\t\t\t\t\t\t\t<div class=\"be-content\"><p>Zapojen\u00ed do Franti\u0161kovy ekonomie (EoF) pod z\u00e1\u0161titou pape\u017ee Franti\u0161ka<\/p><\/div>\t\t\t\t\t\t<\/div>\n\n\t\t\t\t\t\n\t\t\t\t<\/div>\n\n\t\t\t<\/div>\n\t\t<\/div>\n\t\t\t<\/li>\n\t\t\t<li class=\"timeline-right\"> \n\t\t\t<div class=\"tl-circ\"><\/div>\n\t\t <div class=\"timeline-panel\">\n\t\t   <div class=\"tl-heading\">\n\t\t\t <div class=\"tl-content\">\n\n\t\t\t    \n\t\t\t\t\t\t\n\t\t\t\t\t\t<div class=\"be-desc\">\n\t\t\t\t\t\t\t<h2 class=\"be-title\">\u010derven 2020 - Program financov\u00e1n\u00ed inovativn\u00edch projekt\u016f<\/h2>\t\t\t\t\t\t\t<div class=\"be-content\"><p>Ve spolupr\u00e1ci s RERA Split jsme vytvo\u0159ili inovativn\u00ed program financov\u00e1n\u00ed projekt\u016f, kter\u00fd ocenila Evropsk\u00e1 komise.<\/p><\/div>\t\t\t\t\t\t<\/div>\n\n\t\t\t\t\t\n\t\t\t\t<\/div>\n\n\t\t\t<\/div>\n\t\t<\/div>\n\t\t\t<\/li>\n\t\t\t<li class=\"timeline-inverted\"> \n\t\t\t<div class=\"tl-circ\"><\/div>\n\t\t <div class=\"timeline-panel\">\n\t\t   <div class=\"tl-heading\">\n\t\t\t <div class=\"tl-content\">\n\n\t\t\t    \n\t\t\t\t\t\t\n\t\t\t\t\t\t<div class=\"be-desc\">\n\t\t\t\t\t\t\t<h2 class=\"be-title\">z\u00e1\u0159\u00ed 2022 - Setk\u00e1n\u00ed s pape\u017eem Franti\u0161kem<\/h2>\t\t\t\t\t\t\t<div class=\"be-content\"><p>Setk\u00e1n\u00ed s pape\u017eem Franti\u0161kem v Assisi, kde byl podeps\u00e1n Pakt pro ekonomiku<\/p><\/div>\t\t\t\t\t\t<\/div>\n\n\t\t\t\t\t\n\t\t\t\t<\/div>\n\n\t\t\t<\/div>\n\t\t<\/div>\n\t\t\t<\/li>\n\t\t\t<li class=\"timeline-right\"> \n\t\t\t<div class=\"tl-circ\"><\/div>\n\t\t <div class=\"timeline-panel\">\n\t\t   <div class=\"tl-heading\">\n\t\t\t <div class=\"tl-content\">\n\n\t\t\t    \n\t\t\t\t\t\t\n\t\t\t\t\t\t<div class=\"be-desc\">\n\t\t\t\t\t\t\t<h2 class=\"be-title\">1. kv\u011btna 2023 - BONA FIDES INVEST<\/h2>\t\t\t\t\t\t\t<div class=\"be-content\"><p>Zalo\u017een\u00ed mezin\u00e1rodn\u00ed crowdfundingov\u00e9 platformy Bona Fides Invest<\/p><\/div>\t\t\t\t\t\t<\/div>\n\n\t\t\t\t\t\n\t\t\t\t<\/div>\n\n\t\t\t<\/div>\n\t\t<\/div>\n\t\t\t<\/li>\n\t\t\t \n      <\/ul>\n\n\t\t\t\t\t<\/div>\n\t\t\t\t<\/div>\n\t\t\t\t\t<\/div>\n\t\t<\/div>\n\t\t\t\t\t<\/div>\n\t\t<\/section>\n\t\t\t\t<section class=\"elementor-section elementor-top-section elementor-element elementor-element-cc886a1 elementor-section-boxed elementor-section-height-default elementor-section-height-default\" data-id=\"cc886a1\" data-element_type=\"section\" data-e-type=\"section\">\n\t\t\t\t\t\t<div class=\"elementor-container elementor-column-gap-default\">\n\t\t\t\t\t<div class=\"elementor-column elementor-col-100 elementor-top-column elementor-element elementor-element-7a4ced0\" data-id=\"7a4ced0\" data-element_type=\"column\" data-e-type=\"column\">\n\t\t\t<div class=\"elementor-widget-wrap elementor-element-populated\">\n\t\t\t\t\t\t<div class=\"elementor-element elementor-element-9598d73 elementor-widget elementor-widget-spacer\" data-id=\"9598d73\" data-element_type=\"widget\" data-e-type=\"widget\" data-widget_type=\"spacer.default\">\n\t\t\t\t<div class=\"elementor-widget-container\">\n\t\t\t\t\t\t\t<div class=\"elementor-spacer\">\n\t\t\t<div class=\"elementor-spacer-inner\"><\/div>\n\t\t<\/div>\n\t\t\t\t\t\t<\/div>\n\t\t\t\t<\/div>\n\t\t\t\t\t<\/div>\n\t\t<\/div>\n\t\t\t\t\t<\/div>\n\t\t<\/section>\n\t\t\t\t<section class=\"elementor-section elementor-top-section elementor-element elementor-element-43ef33a elementor-section-boxed elementor-section-height-default elementor-section-height-default\" data-id=\"43ef33a\" data-element_type=\"section\" data-e-type=\"section\">\n\t\t\t\t\t\t<div class=\"elementor-container elementor-column-gap-no\">\n\t\t\t\t\t<div class=\"elementor-column elementor-col-50 elementor-top-column elementor-element elementor-element-906c7cf\" data-id=\"906c7cf\" data-element_type=\"column\" data-e-type=\"column\">\n\t\t\t<div class=\"elementor-widget-wrap elementor-element-populated\">\n\t\t\t\t\t\t<div class=\"elementor-element elementor-element-6dc6597 elementor-widget elementor-widget-image\" data-id=\"6dc6597\" data-element_type=\"widget\" data-e-type=\"widget\" data-widget_type=\"image.default\">\n\t\t\t\t<div class=\"elementor-widget-container\">\n\t\t\t\t\t\t\t\t\t\t\t\t\t\t\t<img fetchpriority=\"high\" decoding=\"async\" width=\"680\" height=\"680\" src=\"https:\/\/bonafidesinvest.eu\/wp-content\/uploads\/2023\/05\/Global-Crowdfunding-Platform-Bona-Fides-Invest-Benedikt-Kotruljevic.png\" class=\"attachment-full size-full wp-image-3199\" alt=\"\" srcset=\"https:\/\/bonafidesinvest.eu\/wp-content\/uploads\/2023\/05\/Global-Crowdfunding-Platform-Bona-Fides-Invest-Benedikt-Kotruljevic.png 680w, https:\/\/bonafidesinvest.eu\/wp-content\/uploads\/2023\/05\/Global-Crowdfunding-Platform-Bona-Fides-Invest-Benedikt-Kotruljevic-175x175.png 175w, https:\/\/bonafidesinvest.eu\/wp-content\/uploads\/2023\/05\/Global-Crowdfunding-Platform-Bona-Fides-Invest-Benedikt-Kotruljevic-300x300.png 300w, https:\/\/bonafidesinvest.eu\/wp-content\/uploads\/2023\/05\/Global-Crowdfunding-Platform-Bona-Fides-Invest-Benedikt-Kotruljevic-600x600.png 600w, https:\/\/bonafidesinvest.eu\/wp-content\/uploads\/2023\/05\/Global-Crowdfunding-Platform-Bona-Fides-Invest-Benedikt-Kotruljevic-180x180.png 180w, https:\/\/bonafidesinvest.eu\/wp-content\/uploads\/2023\/05\/Global-Crowdfunding-Platform-Bona-Fides-Invest-Benedikt-Kotruljevic-12x12.png 12w\" sizes=\"(max-width: 680px) 100vw, 680px\" \/>\t\t\t\t\t\t\t\t\t\t\t\t\t\t\t<\/div>\n\t\t\t\t<\/div>\n\t\t\t\t\t<\/div>\n\t\t<\/div>\n\t\t\t\t<div class=\"elementor-column elementor-col-50 elementor-top-column elementor-element elementor-element-585ffb4\" data-id=\"585ffb4\" data-element_type=\"column\" data-e-type=\"column\">\n\t\t\t<div class=\"elementor-widget-wrap elementor-element-populated\">\n\t\t\t\t\t\t<div class=\"elementor-element elementor-element-a427632 elementor-widget elementor-widget-gva-heading-block\" data-id=\"a427632\" data-element_type=\"widget\" data-e-type=\"widget\" data-widget_type=\"gva-heading-block.default\">\n\t\t\t\t<div class=\"elementor-widget-container\">\n\t\t\t\t\t<div class=\"gva-element-gva-heading-block gva-element\">   <div class=\"align-left style-4 widget gsc-heading box-align-left auto-responsive\">\r\n      <div class=\"content-inner\">\r\n         \r\n         \r\n                     <div class=\"sub-title\">\r\n               <span class=\"tagline\">Syst\u00e9m dvojit\u00e9 v\u00fdhry<\/span>\r\n                                 <span class=\"shadow-text\">Pr\u016fkopnick\u00e9<\/span>\r\n                  \r\n            <\/div>\r\n           \r\n         \r\n                     <h2 class=\"title\">\r\n               <span>BFI - Nejlep\u0161\u00ed p\u0159\u00edtel pro investice<\/span>\r\n            <\/h2>\r\n                  \r\n         \r\n      <\/div>\r\n   <\/div>\r\n<\/div>\t\t\t\t<\/div>\n\t\t\t\t<\/div>\n\t\t\t\t<div class=\"elementor-element elementor-element-afa26ea elementor-widget elementor-widget-text-editor\" data-id=\"afa26ea\" data-element_type=\"widget\" data-e-type=\"widget\" data-widget_type=\"text-editor.default\">\n\t\t\t\t<div class=\"elementor-widget-container\">\n\t\t\t\t\t\t\t\t\t<p style=\"text-align: justify;\"><span style=\"color: #000000;\">Spole\u010dnost Bona Fides Invest se nach\u00e1z\u00ed v Chorvatsku, rodi\u0161ti Benedikta Kotruljevi\u0107e, skute\u010dn\u00e9ho pr\u016fkopn\u00edka v oblasti financ\u00ed, kter\u00fd je autorem prvn\u00ed obchodn\u00ed p\u0159\u00edru\u010dky na sv\u011bt\u011b a zavedl podvojn\u00e9 \u00fa\u010detnictv\u00ed. Se spole\u010dnost\u00ed Bona Fides Invest udr\u017eujeme jeho odkaz p\u0159i \u017eivot\u011b a pokra\u010dujeme v tradici inovac\u00ed a dokonalosti ve finan\u010dn\u00edm sv\u011bt\u011b.<\/span><\/p><p style=\"text-align: justify;\"><span style=\"color: #000000;\"><em>Stejn\u011b jako Benedikt Kotruljevi\u0107 polo\u017eil z\u00e1klady modern\u00edho \u00fa\u010detnictv\u00ed, Bona Fides Invest pokl\u00e1d\u00e1 z\u00e1klady modern\u00edho crowdfundingu.<\/em><\/span><\/p>\t\t\t\t\t\t\t\t<\/div>\n\t\t\t\t<\/div>\n\t\t\t\t\t<\/div>\n\t\t<\/div>\n\t\t\t\t\t<\/div>\n\t\t<\/section>\n\t\t\t\t<\/div>","protected":false},"excerpt":{"rendered":"<p>Rich experience Tradition Our History More than a decade of investment wisdom October 2012 &#8211; CEDIOR Foundation of the Center for Social Innovation and Sustainable Development (CEDIOR) June 2014 &#8211; [&hellip;]<\/p>\n","protected":false},"author":1,"featured_media":0,"parent":0,"menu_order":0,"comment_status":"closed","ping_status":"closed","template":"","meta":{"footnotes":""},"class_list":["post-3166","page","type-page","status-publish","hentry"],"wpcf_dashboard":"<div class=\"woocommerce\"><div class=\"woocommerce-info\">Please log in first? <a class=\"wpneoShowLogin\" href=\"#\">Click here to login<\/a><\/div><div class=\"wpneo_login_form_div\" style=\"display: none;\"><form name=\"loginform\" id=\"loginform\" action=\"https:\/\/bonafidesinvest.eu\/wp-login.php\" method=\"post\"><p class=\"login-username\">\n\t\t\t\t<label for=\"user_login\">U\u017eivatelsk\u00e9 jm\u00e9no nebo e-mail<\/label>\n\t\t\t\t<input type=\"text\" name=\"log\" id=\"user_login\" autocomplete=\"username\" class=\"input\" value=\"\" size=\"20\" \/>\n\t\t\t<\/p><p class=\"login-password\">\n\t\t\t\t<label for=\"user_pass\">Heslo<\/label>\n\t\t\t\t<input type=\"password\" name=\"pwd\" id=\"user_pass\" autocomplete=\"current-password\" spellcheck=\"false\" class=\"input\" value=\"\" size=\"20\" \/>\n\t\t\t<\/p><p class=\"login-remember\"><label><input name=\"rememberme\" type=\"checkbox\" id=\"rememberme\" value=\"forever\" \/> Pamatovat si m\u011b<\/label><\/p><p class=\"login-submit\">\n\t\t\t\t<input type=\"submit\" name=\"wp-submit\" id=\"wp-submit\" class=\"button button-primary\" value=\"P\u0159ihl\u00e1sit se\" \/>\n\t\t\t\t<input type=\"hidden\" name=\"redirect_to\" value=\"https:\/\/bonafidesinvest.eu\/cs\/wp-json\/wp\/v2\/pages\/3166\" \/>\n\t\t\t<\/p><\/form><\/div><\/div>","_links":{"self":[{"href":"https:\/\/bonafidesinvest.eu\/cs\/wp-json\/wp\/v2\/pages\/3166","targetHints":{"allow":["GET"]}}],"collection":[{"href":"https:\/\/bonafidesinvest.eu\/cs\/wp-json\/wp\/v2\/pages"}],"about":[{"href":"https:\/\/bonafidesinvest.eu\/cs\/wp-json\/wp\/v2\/types\/page"}],"author":[{"embeddable":true,"href":"https:\/\/bonafidesinvest.eu\/cs\/wp-json\/wp\/v2\/users\/1"}],"replies":[{"embeddable":true,"href":"https:\/\/bonafidesinvest.eu\/cs\/wp-json\/wp\/v2\/comments?post=3166"}],"version-history":[{"count":0,"href":"https:\/\/bonafidesinvest.eu\/cs\/wp-json\/wp\/v2\/pages\/3166\/revisions"}],"wp:attachment":[{"href":"https:\/\/bonafidesinvest.eu\/cs\/wp-json\/wp\/v2\/media?parent=3166"}],"curies":[{"name":"wp","href":"https:\/\/api.w.org\/{rel}","templated":true}]}}