{"id":2528,"date":"2023-04-03T17:07:19","date_gmt":"2023-04-03T17:07:19","guid":{"rendered":"https:\/\/bonafidesinvest.eu\/?page_id=2528"},"modified":"2023-04-04T01:06:50","modified_gmt":"2023-04-04T01:06:50","slug":"zasady-ochrany-osobnich-udaju","status":"publish","type":"page","link":"https:\/\/bonafidesinvest.eu\/cs\/privacy-policy\/","title":{"rendered":"Z\u00e1sady ochrany osobn\u00edch \u00fadaj\u016f"},"content":{"rendered":"<div data-elementor-type=\"wp-page\" data-elementor-id=\"2528\" class=\"elementor elementor-2528\">\n\t\t\t\t\t\t<section class=\"elementor-section elementor-top-section elementor-element elementor-element-718aa932 elementor-section-boxed elementor-section-height-default elementor-section-height-default\" data-id=\"718aa932\" data-element_type=\"section\" data-e-type=\"section\">\n\t\t\t\t\t\t<div class=\"elementor-container elementor-column-gap-default\">\n\t\t\t\t\t<div class=\"elementor-column elementor-col-100 elementor-top-column elementor-element elementor-element-1671caf6\" data-id=\"1671caf6\" data-element_type=\"column\" data-e-type=\"column\">\n\t\t\t<div class=\"elementor-widget-wrap elementor-element-populated\">\n\t\t\t\t\t\t<div class=\"elementor-element elementor-element-75c0122f elementor-widget elementor-widget-text-editor\" data-id=\"75c0122f\" data-element_type=\"widget\" data-e-type=\"widget\" data-widget_type=\"text-editor.default\">\n\t\t\t\t<div class=\"elementor-widget-container\">\n\t\t\t\t\t\t\t\t\t<p><span style=\"color: #000000;\"><\/span><\/p>\n<p style=\"text-align: justify;\"><span style=\"color: #000000;\"><strong>Prohl\u00e1\u0161en\u00ed o shroma\u017e\u010fov\u00e1n\u00ed a ochran\u011b osobn\u00edch \u00fadaj\u016f<\/strong><\/span><\/p>\n<p style=\"text-align: justify;\"><span style=\"color: #000000;\">Va\u0161e soukrom\u00ed je pro n\u00e1s d\u016fle\u017eit\u00e9. Chceme, abyste se u n\u00e1s c\u00edtili bezpe\u010dn\u011b, a jedn\u00e1me v souladu s t\u00edm i s pr\u00e1vn\u00edmi p\u0159edpisy o ochran\u011b osobn\u00edch \u00fadaj\u016f.<\/span><\/p>\n<p style=\"text-align: justify;\"><span style=\"color: #000000;\">N\u00ed\u017ee v\u00e1s informujeme o \u00fa\u010delech, pro kter\u00e9 shroma\u017e\u010fujeme a pou\u017e\u00edv\u00e1me va\u0161e osobn\u00ed \u00fadaje, a o tom, jak m\u016f\u017eete tyto postupy sledovat a uplat\u0148ovat sv\u00e1 pr\u00e1va.<\/span><\/p>\n<p style=\"text-align: justify;\"><span style=\"color: #000000;\">Na\u0161e IT syst\u00e9my jsou chr\u00e1n\u011bny technick\u00fdmi a organiza\u010dn\u00edmi opat\u0159en\u00edmi proti neopr\u00e1vn\u011bn\u00e9mu p\u0159\u00edstupu, zm\u011bn\u011b nebo \u0161\u00ed\u0159en\u00ed va\u0161ich \u00fadaj\u016f, jako\u017e i proti jejich ztr\u00e1t\u011b nebo vymaz\u00e1n\u00ed.<\/span><\/p>\n<p style=\"text-align: justify;\"><span style=\"color: #000000;\">V\u0161echny informace o u\u017eivatel\u00edch jsou p\u0159\u00edsn\u011b st\u0159e\u017eeny a jsou k dispozici pouze zam\u011bstnanc\u016fm, kte\u0159\u00ed je pot\u0159ebuj\u00ed k pln\u011bn\u00ed sv\u00fdch \u00fakol\u016f. V\u0161ichni na\u0161i zam\u011bstnanci a obchodn\u00ed partne\u0159i jsou povinni dodr\u017eovat z\u00e1sady ochrany d\u016fv\u011brn\u00fdch informac\u00ed.<\/span><\/p>\n<p style=\"text-align: justify;\"><span style=\"color: #000000;\">Jako n\u00e1\u0161 u\u017eivatel m\u00e1te pr\u00e1vo na informace o nakl\u00e1d\u00e1n\u00ed s va\u0161imi osobn\u00edmi \u00fadaji a na pod\u00e1n\u00ed \u017e\u00e1dosti o uplatn\u011bn\u00ed va\u0161ich pr\u00e1v.<\/span><\/p>\n<p style=\"text-align: justify;\"><span style=\"color: #000000;\">Zpracov\u00e1n\u00ed osobn\u00edch \u00fadaj\u016f prov\u00e1d\u00ed:<br \/>Centrum pro soci\u00e1ln\u00ed inovace a udr\u017eiteln\u00fd rozvoj (CEDIOR)<br \/>Ante Jak\u0161i\u0107a 10, 10 000 Z\u00e1h\u0159eb, Chorvatsko<br \/>PIN: 12061569340<br \/>+385 (0)98 611 467<br \/>info@bonafidesinvest.eu<\/span><\/p>\n<p style=\"text-align: justify;\"><span style=\"color: #000000;\"><strong>\u00da\u010dely a pr\u00e1vn\u00ed z\u00e1klad zpracov\u00e1n\u00ed \u00fadaj\u016f<\/strong><\/span><\/p>\n<p style=\"text-align: justify;\"><span style=\"color: #000000;\">Va\u0161e osobn\u00ed \u00fadaje pou\u017e\u00edv\u00e1me v\u00fdhradn\u011b pro \u00fa\u010dely propojen\u00ed investor\u016f a nositel\u016f projekt\u016f, obchodn\u00ed korespondence a zas\u00edl\u00e1n\u00ed ozn\u00e1men\u00ed a nep\u0159ed\u00e1v\u00e1me je d\u00e1le ani je nepou\u017e\u00edv\u00e1me k nep\u0159edv\u00eddan\u00fdm \u00fa\u010del\u016fm.<\/span><\/p>\n<p style=\"text-align: justify;\"><span style=\"color: #000000;\"><strong>\u00dadaje, kter\u00e9 shroma\u017e\u010fujeme, mohou obsahovat:<br \/><\/strong><\/span><\/p>\n<ul>\n<li style=\"text-align: justify;\"><span style=\"color: #000000;\">Jm\u00e9no a p\u0159\u00edjmen\u00ed \/ n\u00e1zev spole\u010dnosti;<\/span><\/li>\n<li style=\"text-align: justify;\"><span style=\"color: #000000;\">Po\u0161tovn\u00ed adresa;<\/span><\/li>\n<li style=\"text-align: justify;\"><span style=\"color: #000000;\">E-mailov\u00e1 adresa;<\/span><\/li>\n<li style=\"text-align: justify;\"><span style=\"color: #000000;\">\u010c\u00edslo mobiln\u00edho telefonu nebo pevn\u00e9 linky.<\/span><\/li>\n<\/ul>\n<p><span style=\"color: #000000;\"><strong style=\"text-align: left;\">Ozn\u00e1men\u00ed e-mailem<\/strong><\/span><\/p>\n<p style=\"text-align: justify;\"><span style=\"color: #000000;\">K doru\u010dov\u00e1n\u00ed newsletter\u016f, spr\u00e1v\u011b seznam\u016f p\u0159\u00edjemc\u016f a z\u00e1znam\u016f o odhl\u00e1\u0161en\u00ed z odb\u011bru pou\u017e\u00edv\u00e1me platformu Mailchimp a p\u0159ij\u00edm\u00e1me ve\u0161ker\u00e1 nezbytn\u00e1 opat\u0159en\u00ed k ochran\u011b \u00fadaj\u016f v souladu s p\u0159edpisy o ochran\u011b osobn\u00edch \u00fadaj\u016f. Je va\u0161\u00edm pr\u00e1vem p\u0159ij\u00edmat nebo odm\u00edtat zas\u00edl\u00e1n\u00ed na\u0161ich sd\u011blen\u00ed.<\/span><\/p>\n<p style=\"text-align: justify;\"><span style=\"color: #000000;\"><strong>Pr\u00e1va u\u017eivatel\u016f<\/strong><\/span><\/p>\n<p style=\"text-align: justify;\"><span style=\"color: #000000;\">Zaru\u010dujeme v\u00e1m n\u00e1sleduj\u00edc\u00ed pr\u00e1va:<\/span><\/p>\n<p><span style=\"color: #000000;\"><\/span><\/p>\n<p><span style=\"color: #000000;\"><\/span><\/p>\n<p><span style=\"color: #000000;\"><\/span><\/p>\n<ul>\n<li><span style=\"color: #000000;\">Pr\u00e1vo na p\u0159\u00edstup (informace o rozsahu a typu) va\u0161ich \u00fadaj\u016f;<\/span><\/li>\n<li><span style=\"color: #000000;\">Pr\u00e1vo na opravu (t\u00fdk\u00e1 se v\u00e1mi poskytnut\u00fdch informac\u00ed);<\/span><\/li>\n<li><span style=\"color: #000000;\">Pr\u00e1vo b\u00fdt zapomenut;<\/span><\/li>\n<li><span style=\"color: #000000;\">Pr\u00e1vo podat st\u00ed\u017enost na pou\u017e\u00edv\u00e1n\u00ed osobn\u00edch \u00fadaj\u016f.<\/span><\/li>\n<\/ul>\n<p><span style=\"color: #000000;\"><\/span><\/p>\n<ul class=\"wp-block-list\"><\/ul>\n<p><span style=\"color: #000000;\"><\/span><\/p>\n<p><span style=\"color: #000000;\"><strong>Pr\u00e1vo na p\u0159\u00edstup<\/strong><\/span><\/p>\n<p><span style=\"color: #000000;\"><\/span><\/p>\n<p style=\"text-align: justify;\"><span style=\"color: #000000;\">M\u00e1te pr\u00e1vo na informace o sv\u00fdch osobn\u00edch \u00fadaj\u00edch, kter\u00e9 spravujeme a uchov\u00e1v\u00e1me v pam\u011bti.<\/span><\/p>\n<p style=\"text-align: justify;\"><span style=\"color: #000000;\"><strong>Pr\u00e1vo na opravu<\/strong><\/span><\/p>\n<p style=\"text-align: justify;\"><span style=\"color: #000000;\">M\u00e1te pr\u00e1vo na opravu nespr\u00e1vn\u00fdch osobn\u00edch \u00fadaj\u016f, kter\u00e9 se v\u00e1s t\u00fdkaj\u00ed, co\u017e provedeme do 3 pracovn\u00edch dn\u016f.<\/span><\/p>\n<p style=\"text-align: justify;\"><span style=\"color: #000000;\"><strong>Pr\u00e1vo na v\u00fdmaz (pr\u00e1vo b\u00fdt zapomenut)<\/strong><\/span><\/p>\n<p style=\"text-align: justify;\"><span style=\"color: #000000;\">M\u00e1te pr\u00e1vo bez zbyte\u010dn\u00e9ho odkladu dos\u00e1hnout anonymizace sv\u00fdch osobn\u00edch \u00fadaj\u016f, pokud nechcete b\u00fdt dal\u0161\u00edm u\u017eivatelem slu\u017eeb nebo pokud si nep\u0159ejete, abychom va\u0161e osobn\u00ed \u00fadaje pou\u017e\u00edvali k uveden\u00fdm \u00fa\u010del\u016fm.<\/span><\/p>\n<p style=\"text-align: justify;\"><span style=\"color: #000000;\"><strong>Pr\u00e1vo vzn\u00e9st n\u00e1mitku proti pou\u017eit\u00ed osobn\u00edch \u00fadaj\u016f<\/strong><\/span><\/p>\n<p style=\"text-align: justify;\"><span style=\"color: #000000;\">Pokud je zpracov\u00e1n\u00ed va\u0161ich osobn\u00edch \u00fadaj\u016f zalo\u017eeno na pln\u011bn\u00ed na\u0161ich opr\u00e1vn\u011bn\u00fdch z\u00e1jm\u016f, m\u00e1te pr\u00e1vo kdykoli vzn\u00e9st n\u00e1mitku proti takov\u00e9mu zpracov\u00e1n\u00ed osobn\u00edch \u00fadaj\u016f v rozsahu, v jak\u00e9m se zpracov\u00e1n\u00ed t\u00fdk\u00e1 va\u0161ich \u00fadaj\u016f. Pokud takovou n\u00e1mitku pod\u00e1te:<\/span><\/p>\n<ul>\n<li style=\"text-align: justify;\"><span style=\"color: #000000;\">ohledn\u011b ozn\u00e1men\u00ed (\"newsletter\") - k tomuto \u00fa\u010delu va\u0161e osobn\u00ed \u00fadaje nepou\u017eijeme;<\/span><\/li>\n<li style=\"text-align: justify;\"><span style=\"color: #000000;\">v souvislosti s jin\u00fdmi p\u0159\u00edpady opr\u00e1vn\u011bn\u00e9ho z\u00e1jmu - va\u0161e osobn\u00ed \u00fadaje nebudeme d\u00e1le zpracov\u00e1vat za \u00fa\u010delem, kter\u00e9ho se st\u00ed\u017enost t\u00fdk\u00e1.<\/span><\/li>\n<\/ul>\n<p style=\"text-align: justify;\"><span style=\"color: #000000;\"><strong>Soubory cookie<\/strong><\/span><\/p>\n<p style=\"text-align: justify;\"><span style=\"color: #000000;\">Na na\u0161ich webov\u00fdch str\u00e1nk\u00e1ch pou\u017e\u00edv\u00e1me po\u010d\u00edta\u010dov\u00e9 soubory cookie, abychom umo\u017enili ur\u010dit\u00e9 technick\u00e9 funkce a usnadnili v\u00e1m navigaci na na\u0161ich webov\u00fdch str\u00e1nk\u00e1ch.<\/span><\/p>\n<p style=\"text-align: justify;\"><span style=\"color: #000000;\"><strong>Jak m\u016f\u017eete uplatnit sv\u00e1 pr\u00e1va<\/strong><\/span><\/p>\n<p style=\"text-align: justify;\"><span style=\"color: #000000;\">Ve\u0161ker\u00e9 dotazy a \u017e\u00e1dosti t\u00fdkaj\u00edc\u00ed se va\u0161ich osobn\u00edch \u00fadaj\u016f sm\u011b\u0159ujte na na\u0161e koordin\u00e1tory ochrany \u00fadaj\u016f na e-mailov\u00e9 adrese info@bonafidesinvest.eu s pozn\u00e1mkou OCHRANA \u00daDAJ\u016e v kolonce \"P\u0159edm\u011bt\".<\/span><\/p>\n<p style=\"text-align: justify;\"><span style=\"color: #000000;\">Va\u0161e dotazy a \u017e\u00e1dosti vy\u0159\u00edd\u00edme bez zbyte\u010dn\u00e9ho odkladu a v souladu se z\u00e1konn\u00fdmi povinnostmi a budeme v\u00e1s informovat o p\u0159ijat\u00fdch opat\u0159en\u00edch.<\/span><\/p>\n<p><span style=\"color: #000000;\"><\/span><\/p>\n<p><span style=\"color: #000000;\"><\/span><\/p>\n<p><span style=\"color: #000000;\"><\/span><\/p>\n<p><span style=\"color: #000000;\"><\/span><\/p>\n<p><span style=\"color: #000000;\"><\/span><\/p>\n<p><span style=\"color: #000000;\"><\/span><\/p>\n<p><span style=\"color: #000000;\"><\/span><\/p>\n<p><span style=\"color: #000000;\"><\/span><\/p>\n<p><span style=\"color: #000000;\"><\/span><\/p>\n<p><span style=\"color: #000000;\"><\/span><\/p>\n<p><span style=\"color: #000000;\"><\/span><\/p>\n<p><span style=\"color: #000000;\"><\/span><\/p>\t\t\t\t\t\t\t\t<\/div>\n\t\t\t\t<\/div>\n\t\t\t\t\t<\/div>\n\t\t<\/div>\n\t\t\t\t\t<\/div>\n\t\t<\/section>\n\t\t\t\t<\/div>","protected":false},"excerpt":{"rendered":"<p>Personal data gathering and protection statement Your privacy is important to us. We want you to feel safe with us, and we act in accordance with that and the legal [&hellip;]<\/p>\n","protected":false},"author":1,"featured_media":0,"parent":0,"menu_order":0,"comment_status":"closed","ping_status":"closed","template":"","meta":{"footnotes":""},"class_list":["post-2528","page","type-page","status-publish","hentry"],"wpcf_dashboard":"<div class=\"woocommerce\"><div class=\"woocommerce-info\">Please log in first? <a class=\"wpneoShowLogin\" href=\"#\">Click here to login<\/a><\/div><div class=\"wpneo_login_form_div\" style=\"display: none;\"><form name=\"loginform\" id=\"loginform\" action=\"https:\/\/bonafidesinvest.eu\/wp-login.php\" method=\"post\"><p class=\"login-username\">\n\t\t\t\t<label for=\"user_login\">U\u017eivatelsk\u00e9 jm\u00e9no nebo e-mail<\/label>\n\t\t\t\t<input type=\"text\" name=\"log\" id=\"user_login\" autocomplete=\"username\" class=\"input\" value=\"\" size=\"20\" \/>\n\t\t\t<\/p><p class=\"login-password\">\n\t\t\t\t<label for=\"user_pass\">Heslo<\/label>\n\t\t\t\t<input type=\"password\" name=\"pwd\" id=\"user_pass\" autocomplete=\"current-password\" spellcheck=\"false\" class=\"input\" value=\"\" size=\"20\" \/>\n\t\t\t<\/p><p class=\"login-remember\"><label><input name=\"rememberme\" type=\"checkbox\" id=\"rememberme\" value=\"forever\" \/> Pamatovat si m\u011b<\/label><\/p><p class=\"login-submit\">\n\t\t\t\t<input type=\"submit\" name=\"wp-submit\" id=\"wp-submit\" class=\"button button-primary\" value=\"P\u0159ihl\u00e1sit se\" \/>\n\t\t\t\t<input type=\"hidden\" name=\"redirect_to\" value=\"https:\/\/bonafidesinvest.eu\/cs\/wp-json\/wp\/v2\/pages\/2528\" \/>\n\t\t\t<\/p><\/form><\/div><\/div>","_links":{"self":[{"href":"https:\/\/bonafidesinvest.eu\/cs\/wp-json\/wp\/v2\/pages\/2528","targetHints":{"allow":["GET"]}}],"collection":[{"href":"https:\/\/bonafidesinvest.eu\/cs\/wp-json\/wp\/v2\/pages"}],"about":[{"href":"https:\/\/bonafidesinvest.eu\/cs\/wp-json\/wp\/v2\/types\/page"}],"author":[{"embeddable":true,"href":"https:\/\/bonafidesinvest.eu\/cs\/wp-json\/wp\/v2\/users\/1"}],"replies":[{"embeddable":true,"href":"https:\/\/bonafidesinvest.eu\/cs\/wp-json\/wp\/v2\/comments?post=2528"}],"version-history":[{"count":0,"href":"https:\/\/bonafidesinvest.eu\/cs\/wp-json\/wp\/v2\/pages\/2528\/revisions"}],"wp:attachment":[{"href":"https:\/\/bonafidesinvest.eu\/cs\/wp-json\/wp\/v2\/media?parent=2528"}],"curies":[{"name":"wp","href":"https:\/\/api.w.org\/{rel}","templated":true}]}}