{"id":1513,"date":"2023-03-27T11:37:14","date_gmt":"2023-03-27T11:37:14","guid":{"rendered":"https:\/\/bonafidesinvest.eu\/?page_id=1513"},"modified":"2023-03-27T11:48:42","modified_gmt":"2023-03-27T11:48:42","slug":"blog","status":"publish","type":"page","link":"https:\/\/bonafidesinvest.eu\/cs\/blog\/","title":{"rendered":"Blog"},"content":{"rendered":"<div data-elementor-type=\"wp-page\" data-elementor-id=\"1513\" class=\"elementor elementor-1513\">\n\t\t\t\t\t\t<section class=\"elementor-section elementor-top-section elementor-element elementor-element-c34b47a elementor-section-boxed elementor-section-height-default elementor-section-height-default\" data-id=\"c34b47a\" data-element_type=\"section\" data-e-type=\"section\">\n\t\t\t\t\t\t<div class=\"elementor-container elementor-column-gap-default\">\n\t\t\t\t\t<div class=\"elementor-column elementor-col-100 elementor-top-column elementor-element elementor-element-f425e94\" data-id=\"f425e94\" data-element_type=\"column\" data-e-type=\"column\">\n\t\t\t<div class=\"elementor-widget-wrap elementor-element-populated\">\n\t\t\t\t\t\t<div class=\"elementor-element elementor-element-7f00a4f elementor-widget elementor-widget-gva-posts\" data-id=\"7f00a4f\" data-element_type=\"widget\" data-e-type=\"widget\" data-widget_type=\"gva-posts.default\">\n\t\t\t\t<div class=\"elementor-widget-container\">\n\t\t\t\t\t<div class=\"gva-element-gva-posts gva-element\">  \r\n  <div class=\"gva-posts-grid clearfix gva-posts\">\r\n\t\t<div class=\"gva-content-items\"> \r\n\t\t  <div class=\"lg-block-grid-3 md-block-grid-3 sm-block-grid-2 xs-block-grid-1 xx-block-grid-1\">\r\n\t\t\t <div class=\"item-columns\">\r\n   <article id=\"post-15271\" class=\"post post-style-1 post-15271 type-post status-publish format-standard has-post-thumbnail hentry category-interviews tag-andriy-volyk tag-crowdfunding tag-documentary-film tag-humanitarian-aid tag-interview tag-ukraine\">\r\n      \r\n               <div class=\"post-thumbnail\">\r\n            <a href=\"https:\/\/bonafidesinvest.eu\/cs\/interview-with-ukrainian-paratrooper-filmmaker-and-activist-andriy-volyk\/\">\r\n               <img fetchpriority=\"high\" decoding=\"async\" width=\"600\" height=\"590\" src=\"https:\/\/bonafidesinvest.eu\/wp-content\/uploads\/2025\/06\/Ukrainian-paratrooper-filmmaker-and-activist-Andriy-Volyk-600x590.jpg\" class=\"attachment-funden_medium size-funden_medium wp-post-image\" alt=\"Interview with Ukrainian Paratrooper, Filmmaker, and Activist Andriy Volyk\" \/>            <\/a>\r\n                           <div class=\"entry-date\">\r\n                  <span class=\"date\">29<\/span>\r\n                  <span class=\"month\">\u010cvn<\/span>\r\n               <\/div>\r\n                     <\/div>   \r\n         \r\n\r\n      <div class=\"entry-content has-thumbnail\">\r\n         <div class=\"content-inner\">\r\n            <div class=\"entry-meta\">\r\n               <div class=\"clearfix meta-inline post-meta-1\"><span class=\"author vcard\"><i class=\"far fa-user-circle\"><\/i>Bona Fides Invest - Raise and Rise<\/span><\/div>            <\/div> \r\n            <h3 class=\"entry-title\"><a href=\"https:\/\/bonafidesinvest.eu\/cs\/interview-with-ukrainian-paratrooper-filmmaker-and-activist-andriy-volyk\/\" rel=\"bookmark\">Interview with Ukrainian Paratrooper, Filmmaker, and Activist Andriy Volyk<\/a><\/h3>\r\n                           <div class=\"entry-desc\">\r\n                  From Writing EU Projects to Writing European History Interview prepared by: Zoran Rajn I met               <\/div>   \r\n                        <div class=\"read-more\">\r\n               <a class=\"btn-inline\" href=\"https:\/\/bonafidesinvest.eu\/cs\/interview-with-ukrainian-paratrooper-filmmaker-and-activist-andriy-volyk\/\">P\u0159e\u010dt\u011bte si v\u00edce<\/a>\r\n            <\/div>\r\n         <\/div>\r\n\r\n      <\/div>\r\n   <\/article>   \r\n\r\n  <\/div><div class=\"item-columns\">\r\n   <article id=\"post-1785\" class=\"post post-style-1 post-1785 type-post status-publish format-standard has-post-thumbnail hentry category-interviews\">\r\n      \r\n               <div class=\"post-thumbnail\">\r\n            <a href=\"https:\/\/bonafidesinvest.eu\/cs\/interview-with-zoran-rajn-ceo-of-bona-fides-invest-for-magazine-entrepreneur\/\">\r\n               <img decoding=\"async\" width=\"600\" height=\"590\" src=\"https:\/\/bonafidesinvest.eu\/wp-content\/uploads\/2023\/03\/Zoran-Rajn-International-Crowdfunding-Center-ICFC-600x590.jpg\" class=\"attachment-funden_medium size-funden_medium wp-post-image\" alt=\"Rozhovor se Zoranem Rajnem, gener\u00e1ln\u00edm \u0159editelem spole\u010dnosti Bona Fides Invest pro \u010dasopis Entrepreneur\" \/>            <\/a>\r\n                           <div class=\"entry-date\">\r\n                  <span class=\"date\">04<\/span>\r\n                  <span class=\"month\">Dub<\/span>\r\n               <\/div>\r\n                     <\/div>   \r\n         \r\n\r\n      <div class=\"entry-content has-thumbnail\">\r\n         <div class=\"content-inner\">\r\n            <div class=\"entry-meta\">\r\n               <div class=\"clearfix meta-inline post-meta-1\"><span class=\"author vcard\"><i class=\"far fa-user-circle\"><\/i>Bona Fides Invest - Raise and Rise<\/span><\/div>            <\/div> \r\n            <h3 class=\"entry-title\"><a href=\"https:\/\/bonafidesinvest.eu\/cs\/interview-with-zoran-rajn-ceo-of-bona-fides-invest-for-magazine-entrepreneur\/\" rel=\"bookmark\">Rozhovor se Zoranem Rajnem, gener\u00e1ln\u00edm \u0159editelem spole\u010dnosti Bona Fides Invest pro \u010dasopis Entrepreneur<\/a><\/h3>\r\n                           <div class=\"entry-desc\">\r\n                  Zoran Rajn vede v\u00fduku pro za\u010d\u00ednaj\u00edc\u00ed podniky v ZICER - Z\u00e1h\u0159ebsk\u00e9m inova\u010dn\u00edm centru.               <\/div>   \r\n                        <div class=\"read-more\">\r\n               <a class=\"btn-inline\" href=\"https:\/\/bonafidesinvest.eu\/cs\/interview-with-zoran-rajn-ceo-of-bona-fides-invest-for-magazine-entrepreneur\/\">P\u0159e\u010dt\u011bte si v\u00edce<\/a>\r\n            <\/div>\r\n         <\/div>\r\n\r\n      <\/div>\r\n   <\/article>   \r\n\r\n  <\/div><div class=\"item-columns\">\r\n   <article id=\"post-2572\" class=\"post post-style-1 post-2572 type-post status-publish format-standard has-post-thumbnail hentry category-interviews\">\r\n      \r\n               <div class=\"post-thumbnail\">\r\n            <a href=\"https:\/\/bonafidesinvest.eu\/cs\/interview-with-vesna-ujevic-founder-of-the-home-of-words-imotski\/\">\r\n               <img decoding=\"async\" width=\"600\" height=\"590\" src=\"https:\/\/bonafidesinvest.eu\/wp-content\/uploads\/2023\/04\/Crowdfunding-campaign-House-of-Words-Imotski-Bona-Fides-Invest-600x590.jpg\" class=\"attachment-funden_medium size-funden_medium wp-post-image\" alt=\"Rozhovor s Vesnou Ujevi\u0107, zakladatelkou Domova slov Imotski\" \/>            <\/a>\r\n                           <div class=\"entry-date\">\r\n                  <span class=\"date\">03<\/span>\r\n                  <span class=\"month\">Dub<\/span>\r\n               <\/div>\r\n                     <\/div>   \r\n         \r\n\r\n      <div class=\"entry-content has-thumbnail\">\r\n         <div class=\"content-inner\">\r\n            <div class=\"entry-meta\">\r\n               <div class=\"clearfix meta-inline post-meta-1\"><span class=\"author vcard\"><i class=\"far fa-user-circle\"><\/i>Bona Fides Invest - Raise and Rise<\/span><\/div>            <\/div> \r\n            <h3 class=\"entry-title\"><a href=\"https:\/\/bonafidesinvest.eu\/cs\/interview-with-vesna-ujevic-founder-of-the-home-of-words-imotski\/\" rel=\"bookmark\">Rozhovor s Vesnou Ujevi\u0107, zakladatelkou Domova slov Imotski<\/a><\/h3>\r\n                           <div class=\"entry-desc\">\r\n                  Kampa\u0148 Domov slov Imotski dosud podpo\u0159ilo 307 lid\u00ed a               <\/div>   \r\n                        <div class=\"read-more\">\r\n               <a class=\"btn-inline\" href=\"https:\/\/bonafidesinvest.eu\/cs\/interview-with-vesna-ujevic-founder-of-the-home-of-words-imotski\/\">P\u0159e\u010dt\u011bte si v\u00edce<\/a>\r\n            <\/div>\r\n         <\/div>\r\n\r\n      <\/div>\r\n   <\/article>   \r\n\r\n  <\/div><div class=\"item-columns\">\r\n   <article id=\"post-1752\" class=\"post post-style-1 post-1752 type-post status-publish format-standard has-post-thumbnail hentry category-careers category-interviews\">\r\n      \r\n               <div class=\"post-thumbnail\">\r\n            <a href=\"https:\/\/bonafidesinvest.eu\/cs\/interview-with-dominik-matkovic-intern-at-international-crowdfunding-center-icfc\/\">\r\n               <img loading=\"lazy\" decoding=\"async\" width=\"600\" height=\"590\" src=\"https:\/\/bonafidesinvest.eu\/wp-content\/uploads\/2023\/03\/Dominik-Matkovic-Bona-Fides-Invest-600x590.jpg\" class=\"attachment-funden_medium size-funden_medium wp-post-image\" alt=\"Rozhovor s Dominikem Matkovi\u0107em, st\u00e1\u017eistou v Mezin\u00e1rodn\u00edm centru pro crowdfunding (ICFC)\" \/>            <\/a>\r\n                           <div class=\"entry-date\">\r\n                  <span class=\"date\">31<\/span>\r\n                  <span class=\"month\">B\u0159e<\/span>\r\n               <\/div>\r\n                     <\/div>   \r\n         \r\n\r\n      <div class=\"entry-content has-thumbnail\">\r\n         <div class=\"content-inner\">\r\n            <div class=\"entry-meta\">\r\n               <div class=\"clearfix meta-inline post-meta-1\"><span class=\"author vcard\"><i class=\"far fa-user-circle\"><\/i>Bona Fides Invest - Raise and Rise<\/span><\/div>            <\/div> \r\n            <h3 class=\"entry-title\"><a href=\"https:\/\/bonafidesinvest.eu\/cs\/interview-with-dominik-matkovic-intern-at-international-crowdfunding-center-icfc\/\" rel=\"bookmark\">Rozhovor s Dominikem Matkovi\u0107em, st\u00e1\u017eistou v Mezin\u00e1rodn\u00edm centru pro crowdfunding (ICFC)<\/a><\/h3>\r\n                           <div class=\"entry-desc\">\r\n                  Na za\u010d\u00e1tku konverzace se pros\u00edm p\u0159edstavte na\u0161im \u010dten\u00e1\u0159\u016fm. Jmenuji se Dominik Matkovi\u0107 a               <\/div>   \r\n                        <div class=\"read-more\">\r\n               <a class=\"btn-inline\" href=\"https:\/\/bonafidesinvest.eu\/cs\/interview-with-dominik-matkovic-intern-at-international-crowdfunding-center-icfc\/\">P\u0159e\u010dt\u011bte si v\u00edce<\/a>\r\n            <\/div>\r\n         <\/div>\r\n\r\n      <\/div>\r\n   <\/article>   \r\n\r\n  <\/div><div class=\"item-columns\">\r\n   <article id=\"post-1739\" class=\"post post-style-1 post-1739 type-post status-publish format-standard has-post-thumbnail hentry category-events\">\r\n      \r\n               <div class=\"post-thumbnail\">\r\n            <a href=\"https:\/\/bonafidesinvest.eu\/cs\/eof-participant-zoran-rajn-presented-bona-fides-invest-crowdfunding-platform-and-global-partnership-program-of-international-crowdfundingcenter-icfc\/\">\r\n               <img loading=\"lazy\" decoding=\"async\" width=\"600\" height=\"590\" src=\"https:\/\/bonafidesinvest.eu\/wp-content\/uploads\/2023\/03\/EoF-Hub-Croatia-The-Economy-of-Francesco-2022-600x590.jpg\" class=\"attachment-funden_medium size-funden_medium wp-post-image\" alt=\"\u00da\u010dastn\u00edk EoF Zoran Rajn p\u0159edstavil crowdfundingovou platformu Bona Fides Invest a Global Partnership Program of International CrowdfundingCenter (ICFC).\" \/>            <\/a>\r\n                           <div class=\"entry-date\">\r\n                  <span class=\"date\">18<\/span>\r\n                  <span class=\"month\">\u0158\u00edj<\/span>\r\n               <\/div>\r\n                     <\/div>   \r\n         \r\n\r\n      <div class=\"entry-content has-thumbnail\">\r\n         <div class=\"content-inner\">\r\n            <div class=\"entry-meta\">\r\n               <div class=\"clearfix meta-inline post-meta-1\"><span class=\"author vcard\"><i class=\"far fa-user-circle\"><\/i>Bona Fides Invest - Raise and Rise<\/span><\/div>            <\/div> \r\n            <h3 class=\"entry-title\"><a href=\"https:\/\/bonafidesinvest.eu\/cs\/eof-participant-zoran-rajn-presented-bona-fides-invest-crowdfunding-platform-and-global-partnership-program-of-international-crowdfundingcenter-icfc\/\" rel=\"bookmark\">\u00da\u010dastn\u00edk EoF Zoran Rajn p\u0159edstavil crowdfundingovou platformu Bona Fides Invest a Global Partnership Program of International CrowdfundingCenter (ICFC).<\/a><\/h3>\r\n                           <div class=\"entry-desc\">\r\n                  Zoran Rajn, zakladatel a prezident Centra pro soci\u00e1ln\u00ed inovace a udr\u017eiteln\u00fd rozvoj (CEDIOR)               <\/div>   \r\n                        <div class=\"read-more\">\r\n               <a class=\"btn-inline\" href=\"https:\/\/bonafidesinvest.eu\/cs\/eof-participant-zoran-rajn-presented-bona-fides-invest-crowdfunding-platform-and-global-partnership-program-of-international-crowdfundingcenter-icfc\/\">P\u0159e\u010dt\u011bte si v\u00edce<\/a>\r\n            <\/div>\r\n         <\/div>\r\n\r\n      <\/div>\r\n   <\/article>   \r\n\r\n  <\/div><div class=\"item-columns\">\r\n   <article id=\"post-1747\" class=\"post post-style-1 post-1747 type-post status-publish format-standard has-post-thumbnail hentry category-events\">\r\n      \r\n               <div class=\"post-thumbnail\">\r\n            <a href=\"https:\/\/bonafidesinvest.eu\/cs\/in-the-city-of-st-michael-at-the-ukrainian-croatian-business-forum\/\">\r\n               <img loading=\"lazy\" decoding=\"async\" width=\"600\" height=\"590\" src=\"https:\/\/bonafidesinvest.eu\/wp-content\/uploads\/2023\/03\/Saint-Michael-the-Archangel-Protector-of-Kyiv-600x590.jpg\" class=\"attachment-funden_medium size-funden_medium wp-post-image\" alt=\"Ve m\u011bst\u011b Svat\u00fd Michal na Ukrajinsko-chorvatsk\u00e9m podnikatelsk\u00e9m f\u00f3ru\" \/>            <\/a>\r\n                           <div class=\"entry-date\">\r\n                  <span class=\"date\">04<\/span>\r\n                  <span class=\"month\">Led<\/span>\r\n               <\/div>\r\n                     <\/div>   \r\n         \r\n\r\n      <div class=\"entry-content has-thumbnail\">\r\n         <div class=\"content-inner\">\r\n            <div class=\"entry-meta\">\r\n               <div class=\"clearfix meta-inline post-meta-1\"><span class=\"author vcard\"><i class=\"far fa-user-circle\"><\/i>Bona Fides Invest - Raise and Rise<\/span><\/div>            <\/div> \r\n            <h3 class=\"entry-title\"><a href=\"https:\/\/bonafidesinvest.eu\/cs\/in-the-city-of-st-michael-at-the-ukrainian-croatian-business-forum\/\" rel=\"bookmark\">Ve m\u011bst\u011b Svat\u00fd Michal na Ukrajinsko-chorvatsk\u00e9m podnikatelsk\u00e9m f\u00f3ru<\/a><\/h3>\r\n                           <div class=\"entry-desc\">\r\n                  Mezin\u00e1rodn\u00ed vztahy a podnik\u00e1n\u00ed jsou mou v\u00e1\u0161n\u00ed ji\u017e od \u00fatl\u00e9ho v\u011bku. M\u00e1m               <\/div>   \r\n                        <div class=\"read-more\">\r\n               <a class=\"btn-inline\" href=\"https:\/\/bonafidesinvest.eu\/cs\/in-the-city-of-st-michael-at-the-ukrainian-croatian-business-forum\/\">P\u0159e\u010dt\u011bte si v\u00edce<\/a>\r\n            <\/div>\r\n         <\/div>\r\n\r\n      <\/div>\r\n   <\/article>   \r\n\r\n  <\/div>\t\t  <\/div>\r\n\t\t<\/div>\r\n\t\t\t\t\t <div class=\"pagination\">\r\n\t\t\t\t  \t\t\t <\/div>\r\n\t\t  <\/div>\r\n  <\/div>\t\t\t\t<\/div>\n\t\t\t\t<\/div>\n\t\t\t\t\t<\/div>\n\t\t<\/div>\n\t\t\t\t\t<\/div>\n\t\t<\/section>\n\t\t\t\t<\/div>","protected":false},"excerpt":{"rendered":"<p>08 Dec BFI3 Comments A day in the life of entrepreneur &amp; ceo There are many variations of but the majority have simply free text. Read more 08 Dec BFI0 [&hellip;]<\/p>\n","protected":false},"author":1,"featured_media":0,"parent":0,"menu_order":0,"comment_status":"closed","ping_status":"closed","template":"","meta":{"footnotes":""},"class_list":["post-1513","page","type-page","status-publish","hentry"],"wpcf_dashboard":"<div class=\"woocommerce\"><div class=\"woocommerce-info\">Please log in first? <a class=\"wpneoShowLogin\" href=\"#\">Click here to login<\/a><\/div><div class=\"wpneo_login_form_div\" style=\"display: none;\"><form name=\"loginform\" id=\"loginform\" action=\"https:\/\/bonafidesinvest.eu\/wp-login.php\" method=\"post\"><p class=\"login-username\">\n\t\t\t\t<label for=\"user_login\">U\u017eivatelsk\u00e9 jm\u00e9no nebo e-mail<\/label>\n\t\t\t\t<input type=\"text\" name=\"log\" id=\"user_login\" autocomplete=\"username\" class=\"input\" value=\"\" size=\"20\" \/>\n\t\t\t<\/p><p class=\"login-password\">\n\t\t\t\t<label for=\"user_pass\">Heslo<\/label>\n\t\t\t\t<input type=\"password\" name=\"pwd\" id=\"user_pass\" autocomplete=\"current-password\" spellcheck=\"false\" class=\"input\" value=\"\" size=\"20\" \/>\n\t\t\t<\/p><p class=\"login-remember\"><label><input name=\"rememberme\" type=\"checkbox\" id=\"rememberme\" value=\"forever\" \/> Pamatovat si m\u011b<\/label><\/p><p class=\"login-submit\">\n\t\t\t\t<input type=\"submit\" name=\"wp-submit\" id=\"wp-submit\" class=\"button button-primary\" value=\"P\u0159ihl\u00e1sit se\" \/>\n\t\t\t\t<input type=\"hidden\" name=\"redirect_to\" value=\"https:\/\/bonafidesinvest.eu\/cs\/wp-json\/wp\/v2\/pages\/1513\" \/>\n\t\t\t<\/p><\/form><\/div><\/div>","_links":{"self":[{"href":"https:\/\/bonafidesinvest.eu\/cs\/wp-json\/wp\/v2\/pages\/1513","targetHints":{"allow":["GET"]}}],"collection":[{"href":"https:\/\/bonafidesinvest.eu\/cs\/wp-json\/wp\/v2\/pages"}],"about":[{"href":"https:\/\/bonafidesinvest.eu\/cs\/wp-json\/wp\/v2\/types\/page"}],"author":[{"embeddable":true,"href":"https:\/\/bonafidesinvest.eu\/cs\/wp-json\/wp\/v2\/users\/1"}],"replies":[{"embeddable":true,"href":"https:\/\/bonafidesinvest.eu\/cs\/wp-json\/wp\/v2\/comments?post=1513"}],"version-history":[{"count":0,"href":"https:\/\/bonafidesinvest.eu\/cs\/wp-json\/wp\/v2\/pages\/1513\/revisions"}],"wp:attachment":[{"href":"https:\/\/bonafidesinvest.eu\/cs\/wp-json\/wp\/v2\/media?parent=1513"}],"curies":[{"name":"wp","href":"https:\/\/api.w.org\/{rel}","templated":true}]}}